{"id":23,"date":"2021-06-13T03:45:14","date_gmt":"2021-06-13T01:45:14","guid":{"rendered":"http:\/\/rosenhoj.puresoft.dk\/?page_id=23"},"modified":"2025-10-17T16:14:19","modified_gmt":"2025-10-17T14:14:19","slug":"menu","status":"publish","type":"page","link":"https:\/\/rosenhojbnb.dk\/da\/menu\/","title":{"rendered":"Menu"},"content":{"rendered":"<div data-elementor-type=\"wp-page\" data-elementor-id=\"23\" class=\"elementor elementor-23\" data-elementor-post-type=\"page\">\n\t\t\t\t<div class=\"elementor-element elementor-element-0e7a66d e-flex e-con-boxed e-con e-parent\" data-id=\"0e7a66d\" data-element_type=\"container\" data-e-type=\"container\">\n\t\t\t\t\t<div class=\"e-con-inner\">\n\t\t\t\t<div class=\"elementor-element elementor-element-6fcfcfd elementor-widget elementor-widget-heading\" data-id=\"6fcfcfd\" data-element_type=\"widget\" data-e-type=\"widget\" data-widget_type=\"heading.default\">\n\t\t\t\t\t<h2 class=\"elementor-heading-title elementor-size-default\">Vores menukort<\/h2>\t\t\t\t<\/div>\n\t\t\t\t\t<\/div>\n\t\t\t\t<\/div>\n\t\t<div class=\"elementor-element elementor-element-5544874 e-flex e-con-boxed e-con e-parent\" data-id=\"5544874\" data-element_type=\"container\" data-e-type=\"container\">\n\t\t\t\t\t<div class=\"e-con-inner\">\n\t\t\t\t<div class=\"elementor-element elementor-element-88ca1f9 elementor-widget-divider--view-line elementor-widget elementor-widget-divider\" data-id=\"88ca1f9\" data-element_type=\"widget\" data-e-type=\"widget\" data-widget_type=\"divider.default\">\n\t\t\t\t\t\t\t<div class=\"elementor-divider\">\n\t\t\t<span class=\"elementor-divider-separator\">\n\t\t\t\t\t\t<\/span>\n\t\t<\/div>\n\t\t\t\t\t\t<\/div>\n\t\t\t\t\t<\/div>\n\t\t\t\t<\/div>\n\t\t<div class=\"elementor-element elementor-element-6f58ebc e-con-full e-flex e-con e-parent\" data-id=\"6f58ebc\" data-element_type=\"container\" data-e-type=\"container\">\n\t\t\t\t<div class=\"elementor-element elementor-element-defcfa3 elementor-widget elementor-widget-text-editor\" data-id=\"defcfa3\" data-element_type=\"widget\" data-e-type=\"widget\" data-widget_type=\"text-editor.default\">\n\t\t\t\t\t\t\t\t\t<h6 style=\"font-family: Raleway, sans-serif; color: #24201c; text-align: justify;\">Hos Rosenh\u00f8j s\u00e6tter vi en \u00e6re i at tilbyde friske, s\u00e6sonbestemte retter, der afspejler de fineste lokale r\u00e5varer. Vores menuer skifter dagligt for at byde p\u00e5 det friskeste k\u00f8d, fisk og gr\u00f8ntsager, der er tilg\u00e6ngelige den dag.<\/h6><h6 style=\"font-family: Raleway, sans-serif; color: #24201c; text-align: justify;\">Beliggende i Svendborg er vi omgivet af nogle af de bedste fiskevande i Europa, hvilket sikrer, at vores fisk altid er frisk og rigelig. Vi ryger endda vores eget k\u00f8d og fisk, hvilket skaber en uforglemmelig smagsoplevelse for vores g\u00e6ster.<\/h6><h6 style=\"font-family: Raleway, sans-serif; color: #24201c; text-align: justify;\">Hvis du \u00f8nsker at bestille frokost eller aftensmad under dit ophold, bedes du give os besked p\u00e5 forh\u00e5nd. Du er velkommen til at kontakte os og forh\u00f8re dig om vores s\u00e6sonbestemte tilbud og priser. Vi er forpligtet til at tilbyde en kulinarisk oplevelse, der gl\u00e6der sanserne og efterlader et varigt indtryk.\u00a0<\/h6><h6 style=\"font-family: Raleway, sans-serif; color: #24201c; text-align: justify;\">Vi tilbyder ogs\u00e5 catering til fester eller arrangementer!\u00a0<\/h6>\t\t\t\t\t\t\t\t<\/div>\n\t\t\t\t<div class=\"elementor-element elementor-element-cb3c630 elementor-skin-carousel elementor-arrows-yes elementor-pagination-type-bullets elementor-pagination-position-outside elementor-widget elementor-widget-media-carousel\" data-id=\"cb3c630\" data-element_type=\"widget\" data-e-type=\"widget\" data-settings=\"{&quot;skin&quot;:&quot;carousel&quot;,&quot;effect&quot;:&quot;slide&quot;,&quot;show_arrows&quot;:&quot;yes&quot;,&quot;pagination&quot;:&quot;bullets&quot;,&quot;speed&quot;:500,&quot;autoplay&quot;:&quot;yes&quot;,&quot;autoplay_speed&quot;:5000,&quot;loop&quot;:&quot;yes&quot;,&quot;pause_on_hover&quot;:&quot;yes&quot;,&quot;pause_on_interaction&quot;:&quot;yes&quot;,&quot;space_between&quot;:{&quot;unit&quot;:&quot;px&quot;,&quot;size&quot;:10,&quot;sizes&quot;:[]},&quot;space_between_tablet&quot;:{&quot;unit&quot;:&quot;px&quot;,&quot;size&quot;:10,&quot;sizes&quot;:[]},&quot;space_between_mobile&quot;:{&quot;unit&quot;:&quot;px&quot;,&quot;size&quot;:10,&quot;sizes&quot;:[]}}\" data-widget_type=\"media-carousel.default\">\n\t\t\t\t\t\t\t\t\t\t<div class=\"elementor-main-swiper swiper\" role=\"region\" aria-roledescription=\"carousel\" aria-label=\"Slides\">\n\t\t\t\t<div class=\"swiper-wrapper\">\n\t\t\t\t\t\t\t\t\t\t\t<div class=\"swiper-slide\" role=\"group\" aria-roledescription=\"slide\">\n\t\t\t\t\t\t\t\t\t<div class=\"elementor-carousel-image\" role=\"img\" aria-label=\"13 Rosenh\u00f8j morgenmadsfad\" style=\"background-image: url(&#039;https:\/\/i0.wp.com\/rosenhojbnb.dk\/wp-content\/uploads\/2024\/05\/13-Rosenhoj-breakfast-platter-scaled.jpg?fit=1249%2C2560&amp;quality=40&amp;ssl=1&#039;)\">\n\n\t\t\t\n\t\t\t\t\t<\/div>\n\t\t\t\t\t\t\t\t<\/div>\n\t\t\t\t\t\t\t\t\t\t\t<div class=\"swiper-slide\" role=\"group\" aria-roledescription=\"slide\">\n\t\t\t\t\t\t\t\t\t<div class=\"elementor-carousel-image\" role=\"img\" aria-label=\"Kanapeer\" style=\"background-image: url(&#039;https:\/\/i0.wp.com\/rosenhojbnb.dk\/wp-content\/uploads\/2023\/04\/canapes4.jpg?fit=854%2C699&amp;quality=40&amp;ssl=1&#039;)\">\n\n\t\t\t\n\t\t\t\t\t<\/div>\n\t\t\t\t\t\t\t\t<\/div>\n\t\t\t\t\t\t\t\t\t\t\t<div class=\"swiper-slide\" role=\"group\" aria-roledescription=\"slide\">\n\t\t\t\t\t\t\t\t\t<div class=\"elementor-carousel-image\" role=\"img\" aria-label=\"0A6531A2-E180-4926-A5C6-2D5F3D0ACA43_1_105_c\" style=\"background-image: url(&#039;https:\/\/i0.wp.com\/rosenhojbnb.dk\/wp-content\/uploads\/2024\/06\/0A6531A2-E180-4926-A5C6-2D5F3D0ACA43_1_105_c.jpeg?fit=1086%2C724&amp;quality=40&amp;ssl=1&#039;)\">\n\n\t\t\t\n\t\t\t\t\t<\/div>\n\t\t\t\t\t\t\t\t<\/div>\n\t\t\t\t\t\t\t\t\t\t\t<div class=\"swiper-slide\" role=\"group\" aria-roledescription=\"slide\">\n\t\t\t\t\t\t\t\t\t<div class=\"elementor-carousel-image\" role=\"img\" aria-label=\"1E5C2679-85FD-45D0-B63A-A8D1C2D9D7E1_1_105_c\" style=\"background-image: url(&#039;https:\/\/i0.wp.com\/rosenhojbnb.dk\/wp-content\/uploads\/2024\/06\/1E5C2679-85FD-45D0-B63A-A8D1C2D9D7E1_1_105_c.jpeg?fit=1086%2C724&amp;quality=40&amp;ssl=1&#039;)\">\n\n\t\t\t\n\t\t\t\t\t<\/div>\n\t\t\t\t\t\t\t\t<\/div>\n\t\t\t\t\t\t\t\t\t\t\t<div class=\"swiper-slide\" role=\"group\" aria-roledescription=\"slide\">\n\t\t\t\t\t\t\t\t\t<div class=\"elementor-carousel-image\" role=\"img\" aria-label=\"ost\" style=\"background-image: url(&#039;https:\/\/i0.wp.com\/rosenhojbnb.dk\/wp-content\/uploads\/2024\/06\/cheese.jpeg?fit=2048%2C2048&amp;quality=40&amp;ssl=1&#039;)\">\n\n\t\t\t\n\t\t\t\t\t<\/div>\n\t\t\t\t\t\t\t\t<\/div>\n\t\t\t\t\t\t\t\t\t\t\t<div class=\"swiper-slide\" role=\"group\" aria-roledescription=\"slide\">\n\t\t\t\t\t\t\t\t\t<div class=\"elementor-carousel-image\" role=\"img\" aria-label=\"karry\" style=\"background-image: url(&#039;https:\/\/i0.wp.com\/rosenhojbnb.dk\/wp-content\/uploads\/2024\/06\/curry.jpeg?fit=1440%2C1797&amp;quality=40&amp;ssl=1&#039;)\">\n\n\t\t\t\n\t\t\t\t\t<\/div>\n\t\t\t\t\t\t\t\t<\/div>\n\t\t\t\t\t\t\t\t\t\t\t<div class=\"swiper-slide\" role=\"group\" aria-roledescription=\"slide\">\n\t\t\t\t\t\t\t\t\t<div class=\"elementor-carousel-image\" role=\"img\" aria-label=\"julemad\" style=\"background-image: url(&#039;https:\/\/i0.wp.com\/rosenhojbnb.dk\/wp-content\/uploads\/2024\/06\/julemad.jpeg?fit=1365%2C1365&amp;quality=40&amp;ssl=1&#039;)\">\n\n\t\t\t\n\t\t\t\t\t<\/div>\n\t\t\t\t\t\t\t\t<\/div>\n\t\t\t\t\t\t\t\t\t<\/div>\n\t\t\t\t\t\t\t\t\t\t\t\t\t\t\t<div class=\"elementor-swiper-button elementor-swiper-button-prev\" role=\"button\" tabindex=\"0\" aria-label=\"Tidligere\">\n\t\t\t\t\t\t\t<i aria-hidden=\"true\" class=\"eicon-chevron-left\"><\/i>\t\t\t\t\t\t<\/div>\n\t\t\t\t\t\t<div class=\"elementor-swiper-button elementor-swiper-button-next\" role=\"button\" tabindex=\"0\" aria-label=\"N\u00e6ste\">\n\t\t\t\t\t\t\t<i aria-hidden=\"true\" class=\"eicon-chevron-right\"><\/i>\t\t\t\t\t\t<\/div>\n\t\t\t\t\t\t\t\t\t\t\t\t\t\t\t\t<div class=\"swiper-pagination\"><\/div>\n\t\t\t\t\t\t\t\t\t\t\t\t<\/div>\n\t\t\t\t\t\t\t\t<\/div>\n\t\t\t\t<\/div>\n\t\t\t\t<section class=\"elementor-section elementor-top-section elementor-element elementor-element-51a21b5 elementor-section-boxed elementor-section-height-default elementor-section-height-default\" data-id=\"51a21b5\" data-element_type=\"section\" data-e-type=\"section\">\n\t\t\t\t\t\t<div class=\"elementor-container elementor-column-gap-default\">\n\t\t\t\t\t<div class=\"elementor-column elementor-col-100 elementor-top-column elementor-element elementor-element-ae49c4a\" data-id=\"ae49c4a\" data-element_type=\"column\" data-e-type=\"column\">\n\t\t\t<div class=\"elementor-widget-wrap elementor-element-populated\">\n\t\t\t\t\t\t<div class=\"elementor-element elementor-element-25d5081 elementor-widget-divider--view-line elementor-widget elementor-widget-divider\" data-id=\"25d5081\" data-element_type=\"widget\" data-e-type=\"widget\" data-widget_type=\"divider.default\">\n\t\t\t\t\t\t\t<div class=\"elementor-divider\">\n\t\t\t<span class=\"elementor-divider-separator\">\n\t\t\t\t\t\t<\/span>\n\t\t<\/div>\n\t\t\t\t\t\t<\/div>\n\t\t\t\t<div class=\"elementor-element elementor-element-9e9081b elementor-widget elementor-widget-text-editor\" data-id=\"9e9081b\" data-element_type=\"widget\" data-e-type=\"widget\" data-widget_type=\"text-editor.default\">\n\t\t\t\t\t\t\t\t\t<h6><i>Kontakt os for mere information om madmuligheder under dit ophold, eller forplejningsmuligheder.\u00a0<\/i><\/h6>\t\t\t\t\t\t\t\t<\/div>\n\t\t\t\t<div class=\"elementor-element elementor-element-8b0bf8a elementor-button-align-stretch elementor-widget elementor-widget-form\" data-id=\"8b0bf8a\" data-element_type=\"widget\" data-e-type=\"widget\" data-settings=\"{&quot;step_next_label&quot;:&quot;Next&quot;,&quot;step_previous_label&quot;:&quot;Previous&quot;,&quot;button_width&quot;:&quot;100&quot;,&quot;step_type&quot;:&quot;number_text&quot;,&quot;step_icon_shape&quot;:&quot;circle&quot;}\" data-widget_type=\"form.default\">\n\t\t\t\t\t\t\t<form class=\"elementor-form\" method=\"post\" id=\"contact_form\" name=\"New Form\" aria-label=\"Ny formular\" action=\"\">\n\t\t\t<input type=\"hidden\" name=\"post_id\" value=\"23\"\/>\n\t\t\t<input type=\"hidden\" name=\"form_id\" value=\"8b0bf8a\"\/>\n\t\t\t<input type=\"hidden\" name=\"referer_title\" value=\"Rosenh\u00f8j\" \/>\n\n\t\t\t\n\t\t\t<div class=\"elementor-form-fields-wrapper elementor-labels-\">\n\t\t\t\t\t\t\t\t<div class=\"elementor-field-type-text elementor-field-group elementor-column elementor-field-group-name elementor-col-100 elementor-field-required\">\n\t\t\t\t\t\t\t\t\t\t\t\t<label for=\"form-field-name\" class=\"elementor-field-label elementor-screen-only\">\n\t\t\t\t\t\t\t\tNavn\t\t\t\t\t\t\t<\/label>\n\t\t\t\t\t\t\t\t\t\t\t\t\t\t<input size=\"1\" type=\"text\" name=\"form_fields[name]\" id=\"form-field-name\" class=\"elementor-field elementor-size-sm  elementor-field-textual\" placeholder=\"Navn\" required=\"required\">\n\t\t\t\t\t\t\t\t\t\t\t<\/div>\n\t\t\t\t\t\t\t\t<div class=\"elementor-field-type-number elementor-field-group elementor-column elementor-field-group-field_ce66241 elementor-col-100 elementor-field-required\">\n\t\t\t\t\t\t\t\t\t\t\t\t<label for=\"form-field-field_ce66241\" class=\"elementor-field-label elementor-screen-only\">\n\t\t\t\t\t\t\t\tTelefonnummer\t\t\t\t\t\t\t<\/label>\n\t\t\t\t\t\t\t\t\t<input type=\"number\" name=\"form_fields[field_ce66241]\" id=\"form-field-field_ce66241\" class=\"elementor-field elementor-size-sm  elementor-field-textual\" placeholder=\"Telefonnummer\" required=\"required\" min=\"\" max=\"\" >\n\t\t\t\t\t\t<\/div>\n\t\t\t\t\t\t\t\t<div class=\"elementor-field-type-email elementor-field-group elementor-column elementor-field-group-email elementor-col-100 elementor-field-required\">\n\t\t\t\t\t\t\t\t\t\t\t\t<label for=\"form-field-email\" class=\"elementor-field-label elementor-screen-only\">\n\t\t\t\t\t\t\t\tE-mail\t\t\t\t\t\t\t<\/label>\n\t\t\t\t\t\t\t\t\t\t\t\t\t\t<input size=\"1\" type=\"email\" name=\"form_fields[email]\" id=\"form-field-email\" class=\"elementor-field elementor-size-sm  elementor-field-textual\" placeholder=\"E-mail\" required=\"required\">\n\t\t\t\t\t\t\t\t\t\t\t<\/div>\n\t\t\t\t\t\t\t\t<div class=\"elementor-field-type-textarea elementor-field-group elementor-column elementor-field-group-message elementor-col-100 elementor-field-required\">\n\t\t\t\t\t\t\t\t\t\t\t\t<label for=\"form-field-message\" class=\"elementor-field-label elementor-screen-only\">\n\t\t\t\t\t\t\t\tBesked\t\t\t\t\t\t\t<\/label>\n\t\t\t\t\t\t<textarea class=\"elementor-field-textual elementor-field  elementor-size-sm\" name=\"form_fields[message]\" id=\"form-field-message\" rows=\"4\" placeholder=\"Besked\" required=\"required\"><\/textarea>\t\t\t\t<\/div>\n\t\t\t\t\t\t\t\t<div class=\"elementor-field-type-recaptcha_v3 elementor-field-group elementor-column elementor-field-group-field_40c22c4 elementor-col-100 recaptcha_v3-inline\">\n\t\t\t\t\t<div class=\"elementor-field\" id=\"form-field-field_40c22c4\"><div class=\"elementor-g-recaptcha\" data-sitekey=\"6LcphgUhAAAAAOCCl2u-YCxEwQnyhyZ32Mlq4ThJ\" data-type=\"v3\" data-action=\"Form\" data-badge=\"inline\" data-size=\"invisible\"><\/div><\/div>\t\t\t\t<\/div>\n\t\t\t\t\t\t\t\t<div class=\"elementor-field-group elementor-column elementor-field-type-submit elementor-col-100 e-form__buttons\">\n\t\t\t\t\t<button class=\"elementor-button elementor-size-sm\" type=\"submit\" id=\"submit-contact-form-contact-page-button\">\n\t\t\t\t\t\t<span class=\"elementor-button-content-wrapper\">\n\t\t\t\t\t\t\t\t\t\t\t\t\t\t\t\t\t\t\t\t\t\t<span class=\"elementor-button-text\">Sende<\/span>\n\t\t\t\t\t\t\t\t\t\t\t\t\t<\/span>\n\t\t\t\t\t<\/button>\n\t\t\t\t<\/div>\n\t\t\t<\/div>\n\t\t<input type=\"hidden\" name=\"trp-form-language\" value=\"da\"\/><\/form>\n\t\t\t\t\t\t<\/div>\n\t\t\t\t\t<\/div>\n\t\t<\/div>\n\t\t\t\t\t<\/div>\n\t\t<\/section>\n\t\t\t\t<\/div>","protected":false},"excerpt":{"rendered":"<p>Vores menu Hos Rosenh\u00f8j s\u00e6tter vi en \u00e6re i at tilbyde friske, s\u00e6sonbestemte retter, der afspejler de fineste lokale r\u00e5varer. Vores menuer skifter dagligt for at byde p\u00e5 det friskeste k\u00f8d, fisk og gr\u00f8ntsager, der er tilg\u00e6ngelige den dag. Beliggende i Svendborg er vi omgivet af nogle af de bedste fiskevande i Europa, hvilket sikrer, at vores fisk altid er frisk [\u2026]<\/p>","protected":false},"author":1,"featured_media":0,"parent":0,"menu_order":0,"comment_status":"closed","ping_status":"closed","template":"elementor_header_footer","meta":{"footnotes":""},"class_list":["post-23","page","type-page","status-publish","hentry"],"yoast_head":"<!-- This site is optimized with the Yoast SEO plugin v27.2 - https:\/\/yoast.com\/product\/yoast-seo-wordpress\/ -->\n<title>Brunch Svendborg at Rosenh\u00f8j B&amp;B<\/title>\n<meta name=\"description\" content=\"Experience amazing brunch in Svendborg at Rosenh\u00f8j B&amp;B. Lunch and dinner is also available for our guests every day.\" \/>\n<meta name=\"robots\" content=\"index, follow, max-snippet:-1, max-image-preview:large, max-video-preview:-1\" \/>\n<link rel=\"canonical\" href=\"https:\/\/rosenhojbnb.dk\/da\/menu\/\" \/>\n<meta property=\"og:locale\" content=\"da_DK\" \/>\n<meta property=\"og:type\" content=\"article\" \/>\n<meta property=\"og:title\" content=\"Brunch Svendborg at Rosenh\u00f8j B&amp;B\" \/>\n<meta property=\"og:description\" content=\"Experience amazing brunch in Svendborg at Rosenh\u00f8j B&amp;B. Lunch and dinner is also available for our guests every day.\" \/>\n<meta property=\"og:url\" content=\"https:\/\/rosenhojbnb.dk\/da\/menu\/\" \/>\n<meta property=\"og:site_name\" content=\"Rosenh\u00f8j\" \/>\n<meta property=\"article:publisher\" content=\"https:\/\/facebook.com\/rosenhojbnb\" \/>\n<meta property=\"article:modified_time\" content=\"2025-10-17T14:14:19+00:00\" \/>\n<meta property=\"og:image\" content=\"https:\/\/i0.wp.com\/rosenhojbnb.dk\/wp-content\/uploads\/2022\/06\/rosenhojbnb_default_open-graph.jpg?fit=1200%2C630&quality=40&ssl=1\" \/>\n\t<meta property=\"og:image:width\" content=\"1200\" \/>\n\t<meta property=\"og:image:height\" content=\"630\" \/>\n\t<meta property=\"og:image:type\" content=\"image\/jpeg\" \/>\n<meta name=\"twitter:card\" content=\"summary_large_image\" \/>\n<meta name=\"twitter:label1\" content=\"Estimeret l\u00e6setid\" \/>\n\t<meta name=\"twitter:data1\" content=\"1 minut\" \/>\n<script type=\"application\/ld+json\" class=\"yoast-schema-graph\">{\"@context\":\"https:\/\/schema.org\",\"@graph\":[{\"@type\":\"WebPage\",\"@id\":\"https:\/\/rosenhojbnb.dk\/menu\/\",\"url\":\"https:\/\/rosenhojbnb.dk\/menu\/\",\"name\":\"Brunch Svendborg at Rosenh\u00f8j B&B\",\"isPartOf\":{\"@id\":\"https:\/\/rosenhojbnb.dk\/#website\"},\"datePublished\":\"2021-06-13T01:45:14+00:00\",\"dateModified\":\"2025-10-17T14:14:19+00:00\",\"description\":\"Experience amazing brunch in Svendborg at Rosenh\u00f8j B&B. Lunch and dinner is also available for our guests every day.\",\"breadcrumb\":{\"@id\":\"https:\/\/rosenhojbnb.dk\/menu\/#breadcrumb\"},\"inLanguage\":\"da-DK\",\"potentialAction\":[{\"@type\":\"ReadAction\",\"target\":[\"https:\/\/rosenhojbnb.dk\/menu\/\"]}]},{\"@type\":\"BreadcrumbList\",\"@id\":\"https:\/\/rosenhojbnb.dk\/menu\/#breadcrumb\",\"itemListElement\":[{\"@type\":\"ListItem\",\"position\":1,\"name\":\"Home\",\"item\":\"https:\/\/rosenhojbnb.dk\/\"},{\"@type\":\"ListItem\",\"position\":2,\"name\":\"Menu\"}]},{\"@type\":\"WebSite\",\"@id\":\"https:\/\/rosenhojbnb.dk\/#website\",\"url\":\"https:\/\/rosenhojbnb.dk\/\",\"name\":\"Rosenh\u00f8j\",\"description\":\"Rooms, Food, Events\",\"publisher\":{\"@id\":\"https:\/\/rosenhojbnb.dk\/#organization\"},\"alternateName\":\"Rosenh\u00f8j B&B\",\"potentialAction\":[{\"@type\":\"SearchAction\",\"target\":{\"@type\":\"EntryPoint\",\"urlTemplate\":\"https:\/\/rosenhojbnb.dk\/?s={search_term_string}\"},\"query-input\":{\"@type\":\"PropertyValueSpecification\",\"valueRequired\":true,\"valueName\":\"search_term_string\"}}],\"inLanguage\":\"da-DK\"},{\"@type\":\"Organization\",\"@id\":\"https:\/\/rosenhojbnb.dk\/#organization\",\"name\":\"Rosenh\u00f8j Bed & Breakfast\",\"alternateName\":\"Rosenh\u00f8j B&B\",\"url\":\"https:\/\/rosenhojbnb.dk\/\",\"logo\":{\"@type\":\"ImageObject\",\"inLanguage\":\"da-DK\",\"@id\":\"https:\/\/rosenhojbnb.dk\/#\/schema\/logo\/image\/\",\"url\":\"https:\/\/rosenhojbnb.dk\/wp-content\/uploads\/2022\/06\/cropped-FINAL-logo-1.png\",\"contentUrl\":\"https:\/\/rosenhojbnb.dk\/wp-content\/uploads\/2022\/06\/cropped-FINAL-logo-1.png\",\"width\":3181,\"height\":844,\"caption\":\"Rosenh\u00f8j Bed & Breakfast\"},\"image\":{\"@id\":\"https:\/\/rosenhojbnb.dk\/#\/schema\/logo\/image\/\"},\"sameAs\":[\"https:\/\/facebook.com\/rosenhojbnb\",\"https:\/\/instagram.com\/rosenhoj\"]}]}<\/script>\n<!-- \/ Yoast SEO plugin. -->","yoast_head_json":{"title":"Brunch Svendborg at Rosenh\u00f8j B&B","description":"Experience amazing brunch in Svendborg at Rosenh\u00f8j B&B. Lunch and dinner is also available for our guests every day.","robots":{"index":"index","follow":"follow","max-snippet":"max-snippet:-1","max-image-preview":"max-image-preview:large","max-video-preview":"max-video-preview:-1"},"canonical":"https:\/\/rosenhojbnb.dk\/da\/menu\/","og_locale":"da_DK","og_type":"article","og_title":"Brunch Svendborg at Rosenh\u00f8j B&B","og_description":"Experience amazing brunch in Svendborg at Rosenh\u00f8j B&B. Lunch and dinner is also available for our guests every day.","og_url":"https:\/\/rosenhojbnb.dk\/da\/menu\/","og_site_name":"Rosenh\u00f8j","article_publisher":"https:\/\/facebook.com\/rosenhojbnb","article_modified_time":"2025-10-17T14:14:19+00:00","og_image":[{"width":1200,"height":630,"url":"https:\/\/i0.wp.com\/rosenhojbnb.dk\/wp-content\/uploads\/2022\/06\/rosenhojbnb_default_open-graph.jpg?fit=1200%2C630&quality=40&ssl=1","type":"image\/jpeg"}],"twitter_card":"summary_large_image","twitter_misc":{"Estimeret l\u00e6setid":"1 minut"},"schema":{"@context":"https:\/\/schema.org","@graph":[{"@type":"WebPage","@id":"https:\/\/rosenhojbnb.dk\/menu\/","url":"https:\/\/rosenhojbnb.dk\/menu\/","name":"Brunch Svendborg at Rosenh\u00f8j B&B","isPartOf":{"@id":"https:\/\/rosenhojbnb.dk\/#website"},"datePublished":"2021-06-13T01:45:14+00:00","dateModified":"2025-10-17T14:14:19+00:00","description":"Experience amazing brunch in Svendborg at Rosenh\u00f8j B&B. Lunch and dinner is also available for our guests every day.","breadcrumb":{"@id":"https:\/\/rosenhojbnb.dk\/menu\/#breadcrumb"},"inLanguage":"da-DK","potentialAction":[{"@type":"ReadAction","target":["https:\/\/rosenhojbnb.dk\/menu\/"]}]},{"@type":"BreadcrumbList","@id":"https:\/\/rosenhojbnb.dk\/menu\/#breadcrumb","itemListElement":[{"@type":"ListItem","position":1,"name":"Home","item":"https:\/\/rosenhojbnb.dk\/"},{"@type":"ListItem","position":2,"name":"Menu"}]},{"@type":"WebSite","@id":"https:\/\/rosenhojbnb.dk\/#website","url":"https:\/\/rosenhojbnb.dk\/","name":"Rosenh\u00f8j","description":"Rooms, Food, Events","publisher":{"@id":"https:\/\/rosenhojbnb.dk\/#organization"},"alternateName":"Rosenh\u00f8j B&B","potentialAction":[{"@type":"SearchAction","target":{"@type":"EntryPoint","urlTemplate":"https:\/\/rosenhojbnb.dk\/?s={search_term_string}"},"query-input":{"@type":"PropertyValueSpecification","valueRequired":true,"valueName":"search_term_string"}}],"inLanguage":"da-DK"},{"@type":"Organization","@id":"https:\/\/rosenhojbnb.dk\/#organization","name":"Rosenh\u00f8j Bed & Breakfast","alternateName":"Rosenh\u00f8j B&B","url":"https:\/\/rosenhojbnb.dk\/","logo":{"@type":"ImageObject","inLanguage":"da-DK","@id":"https:\/\/rosenhojbnb.dk\/#\/schema\/logo\/image\/","url":"https:\/\/rosenhojbnb.dk\/wp-content\/uploads\/2022\/06\/cropped-FINAL-logo-1.png","contentUrl":"https:\/\/rosenhojbnb.dk\/wp-content\/uploads\/2022\/06\/cropped-FINAL-logo-1.png","width":3181,"height":844,"caption":"Rosenh\u00f8j Bed & Breakfast"},"image":{"@id":"https:\/\/rosenhojbnb.dk\/#\/schema\/logo\/image\/"},"sameAs":["https:\/\/facebook.com\/rosenhojbnb","https:\/\/instagram.com\/rosenhoj"]}]}},"jetpack_sharing_enabled":true,"_links":{"self":[{"href":"https:\/\/rosenhojbnb.dk\/da\/wp-json\/wp\/v2\/pages\/23","targetHints":{"allow":["GET"]}}],"collection":[{"href":"https:\/\/rosenhojbnb.dk\/da\/wp-json\/wp\/v2\/pages"}],"about":[{"href":"https:\/\/rosenhojbnb.dk\/da\/wp-json\/wp\/v2\/types\/page"}],"author":[{"embeddable":true,"href":"https:\/\/rosenhojbnb.dk\/da\/wp-json\/wp\/v2\/users\/1"}],"replies":[{"embeddable":true,"href":"https:\/\/rosenhojbnb.dk\/da\/wp-json\/wp\/v2\/comments?post=23"}],"version-history":[{"count":266,"href":"https:\/\/rosenhojbnb.dk\/da\/wp-json\/wp\/v2\/pages\/23\/revisions"}],"predecessor-version":[{"id":3545,"href":"https:\/\/rosenhojbnb.dk\/da\/wp-json\/wp\/v2\/pages\/23\/revisions\/3545"}],"wp:attachment":[{"href":"https:\/\/rosenhojbnb.dk\/da\/wp-json\/wp\/v2\/media?parent=23"}],"curies":[{"name":"wp","href":"https:\/\/api.w.org\/{rel}","templated":true}]}}