{"id":28,"date":"2021-06-13T03:45:48","date_gmt":"2021-06-13T01:45:48","guid":{"rendered":"http:\/\/rosenhoj.puresoft.dk\/?page_id=28"},"modified":"2024-07-16T23:51:04","modified_gmt":"2024-07-16T21:51:04","slug":"contact","status":"publish","type":"page","link":"https:\/\/rosenhojbnb.dk\/da\/kontakt\/","title":{"rendered":"Kontakt"},"content":{"rendered":"<div data-elementor-type=\"wp-page\" data-elementor-id=\"28\" class=\"elementor elementor-28\" data-elementor-post-type=\"page\">\n\t\t\t\t\t\t<section class=\"elementor-section elementor-top-section elementor-element elementor-element-414448e elementor-section-boxed elementor-section-height-default elementor-section-height-default\" data-id=\"414448e\" data-element_type=\"section\" data-e-type=\"section\">\n\t\t\t\t\t\t<div class=\"elementor-container elementor-column-gap-default\">\n\t\t\t\t\t<div class=\"elementor-column elementor-col-50 elementor-top-column elementor-element elementor-element-4c08351\" data-id=\"4c08351\" data-element_type=\"column\" data-e-type=\"column\">\n\t\t\t<div class=\"elementor-widget-wrap elementor-element-populated\">\n\t\t\t\t\t\t<div class=\"elementor-element elementor-element-baebcb4 elementor-widget elementor-widget-heading\" data-id=\"baebcb4\" data-element_type=\"widget\" data-e-type=\"widget\" data-widget_type=\"heading.default\">\n\t\t\t\t\t<h2 class=\"elementor-heading-title elementor-size-default\">Ring til os<\/h2>\t\t\t\t<\/div>\n\t\t\t\t\t<\/div>\n\t\t<\/div>\n\t\t\t\t<div class=\"elementor-column elementor-col-50 elementor-top-column elementor-element elementor-element-0a9e427\" data-id=\"0a9e427\" data-element_type=\"column\" data-e-type=\"column\">\n\t\t\t<div class=\"elementor-widget-wrap elementor-element-populated\">\n\t\t\t\t\t\t<div class=\"elementor-element elementor-element-2b559f1 elementor-hidden-mobile elementor-widget elementor-widget-heading\" data-id=\"2b559f1\" data-element_type=\"widget\" data-e-type=\"widget\" data-widget_type=\"heading.default\">\n\t\t\t\t\t<h2 class=\"elementor-heading-title elementor-size-default\">skriv til os <\/h2>\t\t\t\t<\/div>\n\t\t\t\t\t<\/div>\n\t\t<\/div>\n\t\t\t\t\t<\/div>\n\t\t<\/section>\n\t\t\t\t<section class=\"elementor-section elementor-top-section elementor-element elementor-element-fa56dcf elementor-section-boxed elementor-section-height-default elementor-section-height-default\" data-id=\"fa56dcf\" data-element_type=\"section\" data-e-type=\"section\">\n\t\t\t\t\t\t<div class=\"elementor-container elementor-column-gap-default\">\n\t\t\t\t\t<div class=\"elementor-column elementor-col-50 elementor-top-column elementor-element elementor-element-4ebe2a3\" data-id=\"4ebe2a3\" data-element_type=\"column\" data-e-type=\"column\" data-settings=\"{&quot;background_background&quot;:&quot;classic&quot;}\">\n\t\t\t<div class=\"elementor-widget-wrap elementor-element-populated\">\n\t\t\t\t\t\t<div class=\"elementor-element elementor-element-c3ee8ec elementor-widget elementor-widget-text-editor\" data-id=\"c3ee8ec\" data-element_type=\"widget\" data-e-type=\"widget\" data-widget_type=\"text-editor.default\">\n\t\t\t\t\t\t\t\t\t<p>Tal med os om dine planer om en kort pause i Svendborg.<\/p><p>Tal med Patrick eller Trine p\u00e5:<\/p>\t\t\t\t\t\t\t\t<\/div>\n\t\t\t\t<section class=\"elementor-section elementor-inner-section elementor-element elementor-element-81efe74 elementor-section-boxed elementor-section-height-default elementor-section-height-default\" data-id=\"81efe74\" data-element_type=\"section\" data-e-type=\"section\">\n\t\t\t\t\t\t<div class=\"elementor-container elementor-column-gap-default\">\n\t\t\t\t\t<div class=\"elementor-column elementor-col-50 elementor-inner-column elementor-element elementor-element-f7a8e00\" data-id=\"f7a8e00\" data-element_type=\"column\" data-e-type=\"column\">\n\t\t\t<div class=\"elementor-widget-wrap elementor-element-populated\">\n\t\t\t\t\t\t<div class=\"elementor-element elementor-element-1807bcc elementor-widget__width-auto elementor-widget-mobile__width-auto elementor-tablet-align-justify elementor-widget-tablet__width-inherit elementor-widget elementor-widget-button\" data-id=\"1807bcc\" data-element_type=\"widget\" data-e-type=\"widget\" data-widget_type=\"button.default\">\n\t\t\t\t\t\t\t\t\t\t<a class=\"elementor-button elementor-button-link elementor-size-sm\" href=\"tel:+4527642227\" id=\"call-now-contact-page-button\">\n\t\t\t\t\t\t<span class=\"elementor-button-content-wrapper\">\n\t\t\t\t\t\t<span class=\"elementor-button-icon\">\n\t\t\t\t<i aria-hidden=\"true\" class=\"fas fa-phone-alt\"><\/i>\t\t\t<\/span>\n\t\t\t\t\t\t\t\t\t<span class=\"elementor-button-text\">+45 27 64 22 27<\/span>\n\t\t\t\t\t<\/span>\n\t\t\t\t\t<\/a>\n\t\t\t\t\t\t\t\t<\/div>\n\t\t\t\t\t<\/div>\n\t\t<\/div>\n\t\t\t\t<div class=\"elementor-column elementor-col-50 elementor-inner-column elementor-element elementor-element-e9f92d8\" data-id=\"e9f92d8\" data-element_type=\"column\" data-e-type=\"column\">\n\t\t\t<div class=\"elementor-widget-wrap elementor-element-populated\">\n\t\t\t\t\t\t<div class=\"elementor-element elementor-element-601a118 elementor-widget__width-auto elementor-align-left elementor-widget-mobile__width-auto elementor-tablet-align-justify elementor-widget-tablet__width-inherit elementor-widget elementor-widget-button\" data-id=\"601a118\" data-element_type=\"widget\" data-e-type=\"widget\" data-widget_type=\"button.default\">\n\t\t\t\t\t\t\t\t\t\t<a class=\"elementor-button elementor-button-link elementor-size-sm\" href=\"https:\/\/rosenhojbnb.dk\/da\/overnatning\/\">\n\t\t\t\t\t\t<span class=\"elementor-button-content-wrapper\">\n\t\t\t\t\t\t<span class=\"elementor-button-icon\">\n\t\t\t\t<i aria-hidden=\"true\" class=\"fas fa-bed\"><\/i>\t\t\t<\/span>\n\t\t\t\t\t\t\t\t\t<span class=\"elementor-button-text\">Se v\u00e6relser<\/span>\n\t\t\t\t\t<\/span>\n\t\t\t\t\t<\/a>\n\t\t\t\t\t\t\t\t<\/div>\n\t\t\t\t\t<\/div>\n\t\t<\/div>\n\t\t\t\t\t<\/div>\n\t\t<\/section>\n\t\t\t\t\t<\/div>\n\t\t<\/div>\n\t\t\t\t<div class=\"elementor-column elementor-col-50 elementor-top-column elementor-element elementor-element-1653152\" data-id=\"1653152\" data-element_type=\"column\" data-e-type=\"column\">\n\t\t\t<div class=\"elementor-widget-wrap elementor-element-populated\">\n\t\t\t\t\t\t<section class=\"elementor-section elementor-inner-section elementor-element elementor-element-5cda3fd elementor-section-boxed elementor-section-height-default elementor-section-height-default\" data-id=\"5cda3fd\" data-element_type=\"section\" data-e-type=\"section\">\n\t\t\t\t\t\t<div class=\"elementor-container elementor-column-gap-default\">\n\t\t\t\t\t<div class=\"elementor-column elementor-col-100 elementor-inner-column elementor-element elementor-element-c060998\" data-id=\"c060998\" data-element_type=\"column\" data-e-type=\"column\">\n\t\t\t<div class=\"elementor-widget-wrap elementor-element-populated\">\n\t\t\t\t\t\t<div class=\"elementor-element elementor-element-4f1eec2 elementor-hidden-desktop elementor-hidden-tablet elementor-widget elementor-widget-heading\" data-id=\"4f1eec2\" data-element_type=\"widget\" data-e-type=\"widget\" data-widget_type=\"heading.default\">\n\t\t\t\t\t<h2 class=\"elementor-heading-title elementor-size-default\">Skriv til os<\/h2>\t\t\t\t<\/div>\n\t\t\t\t\t<\/div>\n\t\t<\/div>\n\t\t\t\t\t<\/div>\n\t\t<\/section>\n\t\t\t\t<div class=\"elementor-element elementor-element-ba80af0 elementor-button-align-stretch elementor-widget elementor-widget-form\" data-id=\"ba80af0\" data-element_type=\"widget\" data-e-type=\"widget\" data-settings=\"{&quot;step_next_label&quot;:&quot;Next&quot;,&quot;step_previous_label&quot;:&quot;Previous&quot;,&quot;button_width&quot;:&quot;100&quot;,&quot;step_type&quot;:&quot;number_text&quot;,&quot;step_icon_shape&quot;:&quot;circle&quot;}\" data-widget_type=\"form.default\">\n\t\t\t\t\t\t\t<form class=\"elementor-form\" method=\"post\" id=\"contact_form\" name=\"New Form\" aria-label=\"Ny formular\" action=\"\">\n\t\t\t<input type=\"hidden\" name=\"post_id\" value=\"28\"\/>\n\t\t\t<input type=\"hidden\" name=\"form_id\" value=\"ba80af0\"\/>\n\t\t\t<input type=\"hidden\" name=\"referer_title\" value=\"Bed and Breakfast Svendborg | Rosenh\u00f8j Bed &amp; Breakfast Contact\" \/>\n\n\t\t\t\t\t\t\t<input type=\"hidden\" name=\"queried_id\" value=\"28\"\/>\n\t\t\t\n\t\t\t<div class=\"elementor-form-fields-wrapper elementor-labels-\">\n\t\t\t\t\t\t\t\t<div class=\"elementor-field-type-text elementor-field-group elementor-column elementor-field-group-name elementor-col-100 elementor-field-required\">\n\t\t\t\t\t\t\t\t\t\t\t\t<label for=\"form-field-name\" class=\"elementor-field-label elementor-screen-only\">\n\t\t\t\t\t\t\t\tNavn\t\t\t\t\t\t\t<\/label>\n\t\t\t\t\t\t\t\t\t\t\t\t\t\t<input size=\"1\" type=\"text\" name=\"form_fields[name]\" id=\"form-field-name\" class=\"elementor-field elementor-size-sm  elementor-field-textual\" placeholder=\"Navn\" required=\"required\">\n\t\t\t\t\t\t\t\t\t\t\t<\/div>\n\t\t\t\t\t\t\t\t<div class=\"elementor-field-type-number elementor-field-group elementor-column elementor-field-group-field_ce66241 elementor-col-100 elementor-field-required\">\n\t\t\t\t\t\t\t\t\t\t\t\t<label for=\"form-field-field_ce66241\" class=\"elementor-field-label elementor-screen-only\">\n\t\t\t\t\t\t\t\tTelefonnummer\t\t\t\t\t\t\t<\/label>\n\t\t\t\t\t\t\t\t\t<input type=\"number\" name=\"form_fields[field_ce66241]\" id=\"form-field-field_ce66241\" class=\"elementor-field elementor-size-sm  elementor-field-textual\" placeholder=\"Telefonnummer\" required=\"required\" min=\"\" max=\"\" >\n\t\t\t\t\t\t<\/div>\n\t\t\t\t\t\t\t\t<div class=\"elementor-field-type-email elementor-field-group elementor-column elementor-field-group-email elementor-col-100 elementor-field-required\">\n\t\t\t\t\t\t\t\t\t\t\t\t<label for=\"form-field-email\" class=\"elementor-field-label elementor-screen-only\">\n\t\t\t\t\t\t\t\tE-mail\t\t\t\t\t\t\t<\/label>\n\t\t\t\t\t\t\t\t\t\t\t\t\t\t<input size=\"1\" type=\"email\" name=\"form_fields[email]\" id=\"form-field-email\" class=\"elementor-field elementor-size-sm  elementor-field-textual\" placeholder=\"E-mail\" required=\"required\">\n\t\t\t\t\t\t\t\t\t\t\t<\/div>\n\t\t\t\t\t\t\t\t<div class=\"elementor-field-type-textarea elementor-field-group elementor-column elementor-field-group-message elementor-col-100 elementor-field-required\">\n\t\t\t\t\t\t\t\t\t\t\t\t<label for=\"form-field-message\" class=\"elementor-field-label elementor-screen-only\">\n\t\t\t\t\t\t\t\tBesked\t\t\t\t\t\t\t<\/label>\n\t\t\t\t\t\t<textarea class=\"elementor-field-textual elementor-field  elementor-size-sm\" name=\"form_fields[message]\" id=\"form-field-message\" rows=\"4\" placeholder=\"Besked\" required=\"required\"><\/textarea>\t\t\t\t<\/div>\n\t\t\t\t\t\t\t\t<div class=\"elementor-field-type-recaptcha_v3 elementor-field-group elementor-column elementor-field-group-field_40c22c4 elementor-col-100 recaptcha_v3-inline\">\n\t\t\t\t\t<div class=\"elementor-field\" id=\"form-field-field_40c22c4\"><div class=\"elementor-g-recaptcha\" data-sitekey=\"6LcphgUhAAAAAOCCl2u-YCxEwQnyhyZ32Mlq4ThJ\" data-type=\"v3\" data-action=\"Form\" data-badge=\"inline\" data-size=\"invisible\"><\/div><\/div>\t\t\t\t<\/div>\n\t\t\t\t\t\t\t\t<div class=\"elementor-field-group elementor-column elementor-field-type-submit elementor-col-100 e-form__buttons\">\n\t\t\t\t\t<button class=\"elementor-button elementor-size-sm\" type=\"submit\" id=\"submit-contact-form-contact-page-button\">\n\t\t\t\t\t\t<span class=\"elementor-button-content-wrapper\">\n\t\t\t\t\t\t\t\t\t\t\t\t\t\t\t\t\t\t\t\t\t\t<span class=\"elementor-button-text\">Sende<\/span>\n\t\t\t\t\t\t\t\t\t\t\t\t\t<\/span>\n\t\t\t\t\t<\/button>\n\t\t\t\t<\/div>\n\t\t\t<\/div>\n\t\t<input type=\"hidden\" name=\"trp-form-language\" value=\"da\"\/><\/form>\n\t\t\t\t\t\t<\/div>\n\t\t\t\t\t<\/div>\n\t\t<\/div>\n\t\t\t\t\t<\/div>\n\t\t<\/section>\n\t\t\t\t<section class=\"elementor-section elementor-top-section elementor-element elementor-element-868d117 elementor-section-boxed elementor-section-height-default elementor-section-height-default\" data-id=\"868d117\" data-element_type=\"section\" data-e-type=\"section\">\n\t\t\t\t\t\t<div class=\"elementor-container elementor-column-gap-default\">\n\t\t\t\t\t<div class=\"elementor-column elementor-col-100 elementor-top-column elementor-element elementor-element-fe26ec3\" data-id=\"fe26ec3\" data-element_type=\"column\" data-e-type=\"column\">\n\t\t\t<div class=\"elementor-widget-wrap elementor-element-populated\">\n\t\t\t\t\t\t<div class=\"elementor-element elementor-element-7bede05 elementor-widget elementor-widget-google_maps\" data-id=\"7bede05\" data-element_type=\"widget\" data-e-type=\"widget\" data-widget_type=\"google_maps.default\">\n\t\t\t\t\t\t\t<div class=\"elementor-custom-embed\">\n\t\t\t<iframe loading=\"lazy\"\n\t\t\t\t\tsrc=\"https:\/\/maps.google.com\/maps?q=%C3%98ksenbjergvej%201&#038;t=m&#038;z=18&#038;output=embed&#038;iwloc=near\"\n\t\t\t\t\ttitle=\"\u00d8ksenbjergvej 1\"\n\t\t\t\t\taria-label=\"\u00d8ksenbjergvej 1\"\n\t\t\t><\/iframe>\n\t\t<\/div>\n\t\t\t\t\t\t<\/div>\n\t\t\t\t\t<\/div>\n\t\t<\/div>\n\t\t\t\t\t<\/div>\n\t\t<\/section>\n\t\t\t\t<section class=\"elementor-section elementor-top-section elementor-element elementor-element-eeb4062 elementor-section-boxed elementor-section-height-default elementor-section-height-default\" data-id=\"eeb4062\" data-element_type=\"section\" data-e-type=\"section\">\n\t\t\t\t\t\t<div class=\"elementor-container elementor-column-gap-default\">\n\t\t\t\t\t<div class=\"elementor-column elementor-col-100 elementor-top-column elementor-element elementor-element-0b1f05d\" data-id=\"0b1f05d\" data-element_type=\"column\" data-e-type=\"column\">\n\t\t\t<div class=\"elementor-widget-wrap\">\n\t\t\t\t\t\t\t<\/div>\n\t\t<\/div>\n\t\t\t\t\t<\/div>\n\t\t<\/section>\n\t\t\t\t<\/div>","protected":false},"excerpt":{"rendered":"<p>Ring til os skriv til os Tal med os om dine planer for en kort pause i Svendborg. Tal med Patrick eller Trine p\u00e5: +45 27 64 22 27 Se v\u00e6relser Skriv til os<\/p>","protected":false},"author":1,"featured_media":0,"parent":0,"menu_order":0,"comment_status":"closed","ping_status":"closed","template":"elementor_header_footer","meta":{"footnotes":""},"class_list":["post-28","page","type-page","status-publish","hentry"],"yoast_head":"<!-- This site is optimized with the Yoast SEO plugin v27.5 - https:\/\/yoast.com\/product\/yoast-seo-wordpress\/ -->\n<title>Bed and Breakfast Svendborg | Rosenh\u00f8j Bed &amp; Breakfast Contact<\/title>\n<meta name=\"description\" content=\"Discover the charm of Rosenh\u00f8j, a bed and breakfast offering vintage-inspired accommodations and exceptional service. Experience Rosenh\u00f8j.\" \/>\n<meta name=\"robots\" content=\"index, follow, max-snippet:-1, max-image-preview:large, max-video-preview:-1\" \/>\n<link rel=\"canonical\" href=\"https:\/\/rosenhojbnb.dk\/da\/kontakt\/\" \/>\n<meta property=\"og:locale\" content=\"da_DK\" \/>\n<meta property=\"og:type\" content=\"article\" \/>\n<meta property=\"og:title\" content=\"Bed and Breakfast Svendborg | Rosenh\u00f8j Bed &amp; Breakfast Contact\" \/>\n<meta property=\"og:description\" content=\"Discover the charm of Rosenh\u00f8j, a bed and breakfast offering vintage-inspired accommodations and exceptional service. Experience Rosenh\u00f8j.\" \/>\n<meta property=\"og:url\" content=\"https:\/\/rosenhojbnb.dk\/da\/kontakt\/\" \/>\n<meta property=\"og:site_name\" content=\"Rosenh\u00f8j\" \/>\n<meta property=\"article:publisher\" content=\"https:\/\/facebook.com\/rosenhojbnb\" \/>\n<meta property=\"article:modified_time\" content=\"2024-07-16T21:51:04+00:00\" \/>\n<meta property=\"og:image\" content=\"https:\/\/i0.wp.com\/rosenhojbnb.dk\/wp-content\/uploads\/2022\/06\/rosenhojbnb_default_open-graph.jpg?fit=1200%2C630&quality=40&ssl=1\" \/>\n\t<meta property=\"og:image:width\" content=\"1200\" \/>\n\t<meta property=\"og:image:height\" content=\"630\" \/>\n\t<meta property=\"og:image:type\" content=\"image\/jpeg\" \/>\n<meta name=\"twitter:card\" content=\"summary_large_image\" \/>\n<meta name=\"twitter:label1\" content=\"Estimeret l\u00e6setid\" \/>\n\t<meta name=\"twitter:data1\" content=\"1 minut\" \/>\n<script type=\"application\/ld+json\" class=\"yoast-schema-graph\">{\"@context\":\"https:\\\/\\\/schema.org\",\"@graph\":[{\"@type\":\"WebPage\",\"@id\":\"https:\\\/\\\/rosenhojbnb.dk\\\/contact\\\/\",\"url\":\"https:\\\/\\\/rosenhojbnb.dk\\\/contact\\\/\",\"name\":\"Bed and Breakfast Svendborg | Rosenh\u00f8j Bed & Breakfast Contact\",\"isPartOf\":{\"@id\":\"https:\\\/\\\/rosenhojbnb.dk\\\/#website\"},\"datePublished\":\"2021-06-13T01:45:48+00:00\",\"dateModified\":\"2024-07-16T21:51:04+00:00\",\"description\":\"Discover the charm of Rosenh\u00f8j, a bed and breakfast offering vintage-inspired accommodations and exceptional service. Experience Rosenh\u00f8j.\",\"breadcrumb\":{\"@id\":\"https:\\\/\\\/rosenhojbnb.dk\\\/contact\\\/#breadcrumb\"},\"inLanguage\":\"da-DK\",\"potentialAction\":[{\"@type\":\"ReadAction\",\"target\":[\"https:\\\/\\\/rosenhojbnb.dk\\\/contact\\\/\"]}]},{\"@type\":\"BreadcrumbList\",\"@id\":\"https:\\\/\\\/rosenhojbnb.dk\\\/contact\\\/#breadcrumb\",\"itemListElement\":[{\"@type\":\"ListItem\",\"position\":1,\"name\":\"Home\",\"item\":\"https:\\\/\\\/rosenhojbnb.dk\\\/\"},{\"@type\":\"ListItem\",\"position\":2,\"name\":\"Contact\"}]},{\"@type\":\"WebSite\",\"@id\":\"https:\\\/\\\/rosenhojbnb.dk\\\/#website\",\"url\":\"https:\\\/\\\/rosenhojbnb.dk\\\/\",\"name\":\"Rosenh\u00f8j\",\"description\":\"Rooms, Food, Events\",\"publisher\":{\"@id\":\"https:\\\/\\\/rosenhojbnb.dk\\\/#organization\"},\"alternateName\":\"Rosenh\u00f8j B&B\",\"potentialAction\":[{\"@type\":\"SearchAction\",\"target\":{\"@type\":\"EntryPoint\",\"urlTemplate\":\"https:\\\/\\\/rosenhojbnb.dk\\\/?s={search_term_string}\"},\"query-input\":{\"@type\":\"PropertyValueSpecification\",\"valueRequired\":true,\"valueName\":\"search_term_string\"}}],\"inLanguage\":\"da-DK\"},{\"@type\":\"Organization\",\"@id\":\"https:\\\/\\\/rosenhojbnb.dk\\\/#organization\",\"name\":\"Rosenh\u00f8j Bed & Breakfast\",\"alternateName\":\"Rosenh\u00f8j B&B\",\"url\":\"https:\\\/\\\/rosenhojbnb.dk\\\/\",\"logo\":{\"@type\":\"ImageObject\",\"inLanguage\":\"da-DK\",\"@id\":\"https:\\\/\\\/rosenhojbnb.dk\\\/#\\\/schema\\\/logo\\\/image\\\/\",\"url\":\"https:\\\/\\\/rosenhojbnb.dk\\\/wp-content\\\/uploads\\\/2022\\\/06\\\/cropped-FINAL-logo-1.png\",\"contentUrl\":\"https:\\\/\\\/rosenhojbnb.dk\\\/wp-content\\\/uploads\\\/2022\\\/06\\\/cropped-FINAL-logo-1.png\",\"width\":3181,\"height\":844,\"caption\":\"Rosenh\u00f8j Bed & Breakfast\"},\"image\":{\"@id\":\"https:\\\/\\\/rosenhojbnb.dk\\\/#\\\/schema\\\/logo\\\/image\\\/\"},\"sameAs\":[\"https:\\\/\\\/facebook.com\\\/rosenhojbnb\",\"https:\\\/\\\/instagram.com\\\/rosenhoj\"]}]}<\/script>\n<!-- \/ Yoast SEO plugin. -->","yoast_head_json":{"title":"Bed and Breakfast Svendborg | Rosenh\u00f8j Bed & Breakfast Contact","description":"Discover the charm of Rosenh\u00f8j, a bed and breakfast offering vintage-inspired accommodations and exceptional service. Experience Rosenh\u00f8j.","robots":{"index":"index","follow":"follow","max-snippet":"max-snippet:-1","max-image-preview":"max-image-preview:large","max-video-preview":"max-video-preview:-1"},"canonical":"https:\/\/rosenhojbnb.dk\/da\/kontakt\/","og_locale":"da_DK","og_type":"article","og_title":"Bed and Breakfast Svendborg | Rosenh\u00f8j Bed & Breakfast Contact","og_description":"Discover the charm of Rosenh\u00f8j, a bed and breakfast offering vintage-inspired accommodations and exceptional service. Experience Rosenh\u00f8j.","og_url":"https:\/\/rosenhojbnb.dk\/da\/kontakt\/","og_site_name":"Rosenh\u00f8j","article_publisher":"https:\/\/facebook.com\/rosenhojbnb","article_modified_time":"2024-07-16T21:51:04+00:00","og_image":[{"width":1200,"height":630,"url":"https:\/\/i0.wp.com\/rosenhojbnb.dk\/wp-content\/uploads\/2022\/06\/rosenhojbnb_default_open-graph.jpg?fit=1200%2C630&quality=40&ssl=1","type":"image\/jpeg"}],"twitter_card":"summary_large_image","twitter_misc":{"Estimeret l\u00e6setid":"1 minut"},"schema":{"@context":"https:\/\/schema.org","@graph":[{"@type":"WebPage","@id":"https:\/\/rosenhojbnb.dk\/contact\/","url":"https:\/\/rosenhojbnb.dk\/contact\/","name":"Bed and Breakfast Svendborg | Rosenh\u00f8j Bed & Breakfast Contact","isPartOf":{"@id":"https:\/\/rosenhojbnb.dk\/#website"},"datePublished":"2021-06-13T01:45:48+00:00","dateModified":"2024-07-16T21:51:04+00:00","description":"Discover the charm of Rosenh\u00f8j, a bed and breakfast offering vintage-inspired accommodations and exceptional service. Experience Rosenh\u00f8j.","breadcrumb":{"@id":"https:\/\/rosenhojbnb.dk\/contact\/#breadcrumb"},"inLanguage":"da-DK","potentialAction":[{"@type":"ReadAction","target":["https:\/\/rosenhojbnb.dk\/contact\/"]}]},{"@type":"BreadcrumbList","@id":"https:\/\/rosenhojbnb.dk\/contact\/#breadcrumb","itemListElement":[{"@type":"ListItem","position":1,"name":"Home","item":"https:\/\/rosenhojbnb.dk\/"},{"@type":"ListItem","position":2,"name":"Contact"}]},{"@type":"WebSite","@id":"https:\/\/rosenhojbnb.dk\/#website","url":"https:\/\/rosenhojbnb.dk\/","name":"Rosenh\u00f8j","description":"Rooms, Food, Events","publisher":{"@id":"https:\/\/rosenhojbnb.dk\/#organization"},"alternateName":"Rosenh\u00f8j B&B","potentialAction":[{"@type":"SearchAction","target":{"@type":"EntryPoint","urlTemplate":"https:\/\/rosenhojbnb.dk\/?s={search_term_string}"},"query-input":{"@type":"PropertyValueSpecification","valueRequired":true,"valueName":"search_term_string"}}],"inLanguage":"da-DK"},{"@type":"Organization","@id":"https:\/\/rosenhojbnb.dk\/#organization","name":"Rosenh\u00f8j Bed & Breakfast","alternateName":"Rosenh\u00f8j B&B","url":"https:\/\/rosenhojbnb.dk\/","logo":{"@type":"ImageObject","inLanguage":"da-DK","@id":"https:\/\/rosenhojbnb.dk\/#\/schema\/logo\/image\/","url":"https:\/\/rosenhojbnb.dk\/wp-content\/uploads\/2022\/06\/cropped-FINAL-logo-1.png","contentUrl":"https:\/\/rosenhojbnb.dk\/wp-content\/uploads\/2022\/06\/cropped-FINAL-logo-1.png","width":3181,"height":844,"caption":"Rosenh\u00f8j Bed & Breakfast"},"image":{"@id":"https:\/\/rosenhojbnb.dk\/#\/schema\/logo\/image\/"},"sameAs":["https:\/\/facebook.com\/rosenhojbnb","https:\/\/instagram.com\/rosenhoj"]}]}},"jetpack_sharing_enabled":true,"_links":{"self":[{"href":"https:\/\/rosenhojbnb.dk\/da\/wp-json\/wp\/v2\/pages\/28","targetHints":{"allow":["GET"]}}],"collection":[{"href":"https:\/\/rosenhojbnb.dk\/da\/wp-json\/wp\/v2\/pages"}],"about":[{"href":"https:\/\/rosenhojbnb.dk\/da\/wp-json\/wp\/v2\/types\/page"}],"author":[{"embeddable":true,"href":"https:\/\/rosenhojbnb.dk\/da\/wp-json\/wp\/v2\/users\/1"}],"replies":[{"embeddable":true,"href":"https:\/\/rosenhojbnb.dk\/da\/wp-json\/wp\/v2\/comments?post=28"}],"version-history":[{"count":188,"href":"https:\/\/rosenhojbnb.dk\/da\/wp-json\/wp\/v2\/pages\/28\/revisions"}],"predecessor-version":[{"id":3463,"href":"https:\/\/rosenhojbnb.dk\/da\/wp-json\/wp\/v2\/pages\/28\/revisions\/3463"}],"wp:attachment":[{"href":"https:\/\/rosenhojbnb.dk\/da\/wp-json\/wp\/v2\/media?parent=28"}],"curies":[{"name":"wp","href":"https:\/\/api.w.org\/{rel}","templated":true}]}}