{"id":3047,"date":"2024-01-18T14:11:59","date_gmt":"2024-01-18T13:11:59","guid":{"rendered":"https:\/\/rosenhojbnb.dk\/?page_id=3047"},"modified":"2025-07-02T11:23:14","modified_gmt":"2025-07-02T09:23:14","slug":"cookie-policy","status":"publish","type":"page","link":"https:\/\/rosenhojbnb.dk\/da\/cookie-politik\/","title":{"rendered":"Cookiepolitik"},"content":{"rendered":"<div data-elementor-type=\"wp-page\" data-elementor-id=\"3047\" class=\"elementor elementor-3047\" data-elementor-post-type=\"page\">\n\t\t\t\t<div class=\"elementor-element elementor-element-3b5714b7 e-flex e-con-boxed e-con e-parent\" data-id=\"3b5714b7\" data-element_type=\"container\" data-e-type=\"container\">\n\t\t\t\t\t<div class=\"e-con-inner\">\n\t\t<div class=\"elementor-element elementor-element-a851b49 e-con-full e-flex e-con e-child\" data-id=\"a851b49\" data-element_type=\"container\" data-e-type=\"container\">\n\t\t\t\t<div class=\"elementor-element elementor-element-137e8e13 elementor-widget elementor-widget-text-editor\" data-id=\"137e8e13\" data-element_type=\"widget\" data-e-type=\"widget\" data-widget_type=\"text-editor.default\">\n\t\t\t\t\t\t\t\t\t<div class=\"cli_pg_page_contaner\"><h2>Cookiepolitik<\/h2><div><p>Denne cookiepolitik forklarer, hvad cookies er, og hvordan vi bruger dem. Du b\u00f8r l\u00e6se denne politik for at forst\u00e5, hvad cookies er, hvordan vi bruger dem, hvilke typer cookies vi bruger, dvs. de oplysninger, vi indsamler ved hj\u00e6lp af cookies, og hvordan disse oplysninger bruges, og hvordan du kontrollerer cookie-pr\u00e6ferencerne. For yderligere information om, hvordan vi bruger, opbevarer og opbevarer dine personlige data sikre, se vores privatlivspolitik.<\/p><p>Du kan til enhver tid \u00e6ndre eller tr\u00e6kke dit samtykke tilbage fra Cookie-erkl\u00e6ringen p\u00e5 vores hjemmeside.<br \/>L\u00e6r mere om, hvem vi er, hvordan du kan kontakte os, og hvordan vi behandler personoplysninger i vores privatlivspolitik.<br \/>Dit samtykke g\u00e6lder for f\u00f8lgende dom\u00e6ner: rosenhojbnb.dk<br \/>[bruger_samtykke_status]<\/p><\/div><h3>Hvad er cookies?<\/h3><div>Cookies er sm\u00e5 tekstfiler, der bruges til at gemme sm\u00e5 stykker information. Cookies gemmes p\u00e5 din enhed, n\u00e5r hjemmesiden indl\u00e6ses i din browser. Disse cookies hj\u00e6lper os med at f\u00e5 hjemmesiden til at fungere korrekt, g\u00f8re hjemmesiden mere sikker, give en bedre brugeroplevelse og forst\u00e5 hvordan hjemmesiden fungerer og analysere, hvad der virker, og hvor den skal forbedres.<\/div><h3>Hvordan bruger vi cookies?<\/h3><div><p>Som de fleste af onlinetjenesterne bruger vores hjemmeside cookies fra f\u00f8rste- og tredjeparts-cookies til en r\u00e6kke form\u00e5l. F\u00f8rstepartscookies er for det meste n\u00f8dvendige for, at hjemmesiden fungerer p\u00e5 den rigtige m\u00e5de, og de indsamler ingen af dine personligt identificerbare data.<\/p><p>De tredjepartscookies, der bruges p\u00e5 vores websteder, bruges hovedsageligt til at forst\u00e5, hvordan webstedet fungerer, hvordan du interagerer med vores websted, holde vores tjenester sikre, levere annoncer, der er relevante for dig, og alt i alt give dig en bedre og forbedret brugeroplevelse og hj\u00e6lpe med at fremskynde dine fremtidige interaktioner med vores hjemmeside.<\/p><\/div><h3>Hvilke typer cookies bruger vi?<\/h3><div>Nedenst\u00e5ende liste beskriver de cookies, der bruges p\u00e5 vores hjemmeside.<br \/>[wcc_kategoriliste]<br \/><br \/><\/div><h3>Hvordan kan jeg kontrollere cookie-pr\u00e6ferencerne?<\/h3><div><p>Du kan administrere dine cookies-pr\u00e6ferencer ved at klikke p\u00e5 knappen &quot;Indstillinger&quot; og aktivere eller deaktivere cookie-kategorierne i pop op-vinduet i henhold til dine pr\u00e6ferencer.<\/p><p>Hvis du beslutter dig for at \u00e6ndre dine pr\u00e6ferencer senere gennem din browsersession, kan du klikke p\u00e5 fanen &quot;Administrer samtykke&quot; p\u00e5 din sk\u00e6rm. Dette vil vise samtykkemeddelelsen igen, s\u00e5 du kan \u00e6ndre dine pr\u00e6ferencer eller tr\u00e6kke dit samtykke helt tilbage.<\/p><p>Ud over dette tilbyder forskellige browsere forskellige metoder til at blokere og slette cookies, der bruges af websteder. Du kan \u00e6ndre indstillingerne i din browser for at blokere\/slette cookies. For at finde ud af mere om, hvordan du administrerer og sletter cookies, bes\u00f8g <a href=\"http:\/\/wikipedia.org\">wikipedia.org<\/a>, <a href=\"http:\/\/allaboutcookies.org\">allaboutcookies.org<\/a>.<\/p><\/div><\/div>\t\t\t\t\t\t\t\t<\/div>\n\t\t\t\t<\/div>\n\t\t<div class=\"elementor-element elementor-element-7b510ac e-con-full e-flex e-con e-child\" data-id=\"7b510ac\" data-element_type=\"container\" data-e-type=\"container\">\n\t\t\t\t<\/div>\n\t\t\t\t\t<\/div>\n\t\t\t\t<\/div>\n\t\t\t\t<\/div>","protected":false},"excerpt":{"rendered":"<p>Cookiepolitik Denne cookiepolitik forklarer, hvad cookies er, og hvordan vi bruger dem. Du b\u00f8r l\u00e6se denne politik for at forst\u00e5, hvad cookies er, hvordan vi bruger dem, hvilke typer cookies vi bruger, dvs. de oplysninger, vi indsamler ved hj\u00e6lp af cookies, og hvordan disse oplysninger bruges, og hvordan du kontrollerer cookie-pr\u00e6ferencerne. Til [\u2026]<\/p>","protected":false},"author":1,"featured_media":0,"parent":0,"menu_order":0,"comment_status":"closed","ping_status":"closed","template":"","meta":{"footnotes":""},"class_list":["post-3047","page","type-page","status-publish","hentry"],"yoast_head":"<!-- This site is optimized with the Yoast SEO plugin v27.4 - https:\/\/yoast.com\/product\/yoast-seo-wordpress\/ -->\n<title>Cookie Policy | Rosenh\u00f8j<\/title>\n<meta name=\"robots\" content=\"index, follow, max-snippet:-1, max-image-preview:large, max-video-preview:-1\" \/>\n<link rel=\"canonical\" href=\"https:\/\/rosenhojbnb.dk\/da\/cookie-politik\/\" \/>\n<meta property=\"og:locale\" content=\"da_DK\" \/>\n<meta property=\"og:type\" content=\"article\" \/>\n<meta property=\"og:title\" content=\"Cookie Policy | Rosenh\u00f8j\" \/>\n<meta property=\"og:description\" content=\"Cookie policy This Cookie Policy explains what cookies are and how we use them. You should read this policy to understand what cookies are, how we use them, the types of cookies we use i.e, the information we collect using cookies and how that information is used and how to control the cookie preferences. For [&hellip;]\" \/>\n<meta property=\"og:url\" content=\"https:\/\/rosenhojbnb.dk\/da\/cookie-politik\/\" \/>\n<meta property=\"og:site_name\" content=\"Rosenh\u00f8j\" \/>\n<meta property=\"article:publisher\" content=\"https:\/\/facebook.com\/rosenhojbnb\" \/>\n<meta property=\"article:modified_time\" content=\"2025-07-02T09:23:14+00:00\" \/>\n<meta property=\"og:image\" content=\"https:\/\/i0.wp.com\/rosenhojbnb.dk\/wp-content\/uploads\/2022\/06\/rosenhojbnb_default_open-graph.jpg?fit=1200%2C630&quality=40&ssl=1\" \/>\n\t<meta property=\"og:image:width\" content=\"1200\" \/>\n\t<meta property=\"og:image:height\" content=\"630\" \/>\n\t<meta property=\"og:image:type\" content=\"image\/jpeg\" \/>\n<meta name=\"twitter:card\" content=\"summary_large_image\" \/>\n<meta name=\"twitter:label1\" content=\"Estimeret l\u00e6setid\" \/>\n\t<meta name=\"twitter:data1\" content=\"2 minutter\" \/>\n<script type=\"application\/ld+json\" class=\"yoast-schema-graph\">{\"@context\":\"https:\\\/\\\/schema.org\",\"@graph\":[{\"@type\":\"WebPage\",\"@id\":\"https:\\\/\\\/rosenhojbnb.dk\\\/cookie-policy\\\/\",\"url\":\"https:\\\/\\\/rosenhojbnb.dk\\\/cookie-policy\\\/\",\"name\":\"Cookie Policy | Rosenh\u00f8j\",\"isPartOf\":{\"@id\":\"https:\\\/\\\/rosenhojbnb.dk\\\/#website\"},\"datePublished\":\"2024-01-18T13:11:59+00:00\",\"dateModified\":\"2025-07-02T09:23:14+00:00\",\"breadcrumb\":{\"@id\":\"https:\\\/\\\/rosenhojbnb.dk\\\/cookie-policy\\\/#breadcrumb\"},\"inLanguage\":\"da-DK\",\"potentialAction\":[{\"@type\":\"ReadAction\",\"target\":[\"https:\\\/\\\/rosenhojbnb.dk\\\/cookie-policy\\\/\"]}]},{\"@type\":\"BreadcrumbList\",\"@id\":\"https:\\\/\\\/rosenhojbnb.dk\\\/cookie-policy\\\/#breadcrumb\",\"itemListElement\":[{\"@type\":\"ListItem\",\"position\":1,\"name\":\"Home\",\"item\":\"https:\\\/\\\/rosenhojbnb.dk\\\/\"},{\"@type\":\"ListItem\",\"position\":2,\"name\":\"Cookie Policy\"}]},{\"@type\":\"WebSite\",\"@id\":\"https:\\\/\\\/rosenhojbnb.dk\\\/#website\",\"url\":\"https:\\\/\\\/rosenhojbnb.dk\\\/\",\"name\":\"Rosenh\u00f8j\",\"description\":\"Rooms, Food, Events\",\"publisher\":{\"@id\":\"https:\\\/\\\/rosenhojbnb.dk\\\/#organization\"},\"alternateName\":\"Rosenh\u00f8j B&B\",\"potentialAction\":[{\"@type\":\"SearchAction\",\"target\":{\"@type\":\"EntryPoint\",\"urlTemplate\":\"https:\\\/\\\/rosenhojbnb.dk\\\/?s={search_term_string}\"},\"query-input\":{\"@type\":\"PropertyValueSpecification\",\"valueRequired\":true,\"valueName\":\"search_term_string\"}}],\"inLanguage\":\"da-DK\"},{\"@type\":\"Organization\",\"@id\":\"https:\\\/\\\/rosenhojbnb.dk\\\/#organization\",\"name\":\"Rosenh\u00f8j Bed & Breakfast\",\"alternateName\":\"Rosenh\u00f8j B&B\",\"url\":\"https:\\\/\\\/rosenhojbnb.dk\\\/\",\"logo\":{\"@type\":\"ImageObject\",\"inLanguage\":\"da-DK\",\"@id\":\"https:\\\/\\\/rosenhojbnb.dk\\\/#\\\/schema\\\/logo\\\/image\\\/\",\"url\":\"https:\\\/\\\/rosenhojbnb.dk\\\/wp-content\\\/uploads\\\/2022\\\/06\\\/cropped-FINAL-logo-1.png\",\"contentUrl\":\"https:\\\/\\\/rosenhojbnb.dk\\\/wp-content\\\/uploads\\\/2022\\\/06\\\/cropped-FINAL-logo-1.png\",\"width\":3181,\"height\":844,\"caption\":\"Rosenh\u00f8j Bed & Breakfast\"},\"image\":{\"@id\":\"https:\\\/\\\/rosenhojbnb.dk\\\/#\\\/schema\\\/logo\\\/image\\\/\"},\"sameAs\":[\"https:\\\/\\\/facebook.com\\\/rosenhojbnb\",\"https:\\\/\\\/instagram.com\\\/rosenhoj\"]}]}<\/script>\n<!-- \/ Yoast SEO plugin. -->","yoast_head_json":{"title":"Cookie Policy | Rosenh\u00f8j","robots":{"index":"index","follow":"follow","max-snippet":"max-snippet:-1","max-image-preview":"max-image-preview:large","max-video-preview":"max-video-preview:-1"},"canonical":"https:\/\/rosenhojbnb.dk\/da\/cookie-politik\/","og_locale":"da_DK","og_type":"article","og_title":"Cookie Policy | Rosenh\u00f8j","og_description":"Cookie policy This Cookie Policy explains what cookies are and how we use them. You should read this policy to understand what cookies are, how we use them, the types of cookies we use i.e, the information we collect using cookies and how that information is used and how to control the cookie preferences. For [&hellip;]","og_url":"https:\/\/rosenhojbnb.dk\/da\/cookie-politik\/","og_site_name":"Rosenh\u00f8j","article_publisher":"https:\/\/facebook.com\/rosenhojbnb","article_modified_time":"2025-07-02T09:23:14+00:00","og_image":[{"width":1200,"height":630,"url":"https:\/\/i0.wp.com\/rosenhojbnb.dk\/wp-content\/uploads\/2022\/06\/rosenhojbnb_default_open-graph.jpg?fit=1200%2C630&quality=40&ssl=1","type":"image\/jpeg"}],"twitter_card":"summary_large_image","twitter_misc":{"Estimeret l\u00e6setid":"2 minutter"},"schema":{"@context":"https:\/\/schema.org","@graph":[{"@type":"WebPage","@id":"https:\/\/rosenhojbnb.dk\/cookie-policy\/","url":"https:\/\/rosenhojbnb.dk\/cookie-policy\/","name":"Cookie Policy | Rosenh\u00f8j","isPartOf":{"@id":"https:\/\/rosenhojbnb.dk\/#website"},"datePublished":"2024-01-18T13:11:59+00:00","dateModified":"2025-07-02T09:23:14+00:00","breadcrumb":{"@id":"https:\/\/rosenhojbnb.dk\/cookie-policy\/#breadcrumb"},"inLanguage":"da-DK","potentialAction":[{"@type":"ReadAction","target":["https:\/\/rosenhojbnb.dk\/cookie-policy\/"]}]},{"@type":"BreadcrumbList","@id":"https:\/\/rosenhojbnb.dk\/cookie-policy\/#breadcrumb","itemListElement":[{"@type":"ListItem","position":1,"name":"Home","item":"https:\/\/rosenhojbnb.dk\/"},{"@type":"ListItem","position":2,"name":"Cookie Policy"}]},{"@type":"WebSite","@id":"https:\/\/rosenhojbnb.dk\/#website","url":"https:\/\/rosenhojbnb.dk\/","name":"Rosenh\u00f8j","description":"Rooms, Food, Events","publisher":{"@id":"https:\/\/rosenhojbnb.dk\/#organization"},"alternateName":"Rosenh\u00f8j B&B","potentialAction":[{"@type":"SearchAction","target":{"@type":"EntryPoint","urlTemplate":"https:\/\/rosenhojbnb.dk\/?s={search_term_string}"},"query-input":{"@type":"PropertyValueSpecification","valueRequired":true,"valueName":"search_term_string"}}],"inLanguage":"da-DK"},{"@type":"Organization","@id":"https:\/\/rosenhojbnb.dk\/#organization","name":"Rosenh\u00f8j Bed & Breakfast","alternateName":"Rosenh\u00f8j B&B","url":"https:\/\/rosenhojbnb.dk\/","logo":{"@type":"ImageObject","inLanguage":"da-DK","@id":"https:\/\/rosenhojbnb.dk\/#\/schema\/logo\/image\/","url":"https:\/\/rosenhojbnb.dk\/wp-content\/uploads\/2022\/06\/cropped-FINAL-logo-1.png","contentUrl":"https:\/\/rosenhojbnb.dk\/wp-content\/uploads\/2022\/06\/cropped-FINAL-logo-1.png","width":3181,"height":844,"caption":"Rosenh\u00f8j Bed & Breakfast"},"image":{"@id":"https:\/\/rosenhojbnb.dk\/#\/schema\/logo\/image\/"},"sameAs":["https:\/\/facebook.com\/rosenhojbnb","https:\/\/instagram.com\/rosenhoj"]}]}},"jetpack_sharing_enabled":true,"_links":{"self":[{"href":"https:\/\/rosenhojbnb.dk\/da\/wp-json\/wp\/v2\/pages\/3047","targetHints":{"allow":["GET"]}}],"collection":[{"href":"https:\/\/rosenhojbnb.dk\/da\/wp-json\/wp\/v2\/pages"}],"about":[{"href":"https:\/\/rosenhojbnb.dk\/da\/wp-json\/wp\/v2\/types\/page"}],"author":[{"embeddable":true,"href":"https:\/\/rosenhojbnb.dk\/da\/wp-json\/wp\/v2\/users\/1"}],"replies":[{"embeddable":true,"href":"https:\/\/rosenhojbnb.dk\/da\/wp-json\/wp\/v2\/comments?post=3047"}],"version-history":[{"count":9,"href":"https:\/\/rosenhojbnb.dk\/da\/wp-json\/wp\/v2\/pages\/3047\/revisions"}],"predecessor-version":[{"id":3527,"href":"https:\/\/rosenhojbnb.dk\/da\/wp-json\/wp\/v2\/pages\/3047\/revisions\/3527"}],"wp:attachment":[{"href":"https:\/\/rosenhojbnb.dk\/da\/wp-json\/wp\/v2\/media?parent=3047"}],"curies":[{"name":"wp","href":"https:\/\/api.w.org\/{rel}","templated":true}]}}