{"id":13,"date":"2021-06-13T03:44:03","date_gmt":"2021-06-13T01:44:03","guid":{"rendered":"http:\/\/rosenhoj.puresoft.dk\/?page_id=13"},"modified":"2026-03-12T09:31:13","modified_gmt":"2026-03-12T08:31:13","slug":"accommodation","status":"publish","type":"page","link":"https:\/\/rosenhojbnb.dk\/de\/raume\/","title":{"rendered":"Unterkunft"},"content":{"rendered":"<div data-elementor-type=\"wp-page\" data-elementor-id=\"13\" class=\"elementor elementor-13\" data-elementor-post-type=\"page\">\n\t\t\t\t\t\t<section class=\"elementor-section elementor-top-section elementor-element elementor-element-38e7e67 elementor-section-boxed elementor-section-height-default elementor-section-height-default\" data-id=\"38e7e67\" data-element_type=\"section\" data-e-type=\"section\">\n\t\t\t\t\t\t<div class=\"elementor-container elementor-column-gap-default\">\n\t\t\t\t\t<div class=\"elementor-column elementor-col-100 elementor-top-column elementor-element elementor-element-e4dc45b\" data-id=\"e4dc45b\" data-element_type=\"column\" data-e-type=\"column\">\n\t\t\t<div class=\"elementor-widget-wrap elementor-element-populated\">\n\t\t\t\t\t\t<div class=\"elementor-element elementor-element-75f3749 elementor-widget elementor-widget-heading\" data-id=\"75f3749\" data-element_type=\"widget\" data-e-type=\"widget\" data-widget_type=\"heading.default\">\n\t\t\t\t\t<h1 class=\"elementor-heading-title elementor-size-default\">Unterkunft in Svendborg<\/h1>\t\t\t\t<\/div>\n\t\t\t\t\t<\/div>\n\t\t<\/div>\n\t\t\t\t\t<\/div>\n\t\t<\/section>\n\t\t<div class=\"elementor-element elementor-element-dc13754 e-flex e-con-boxed e-con e-parent\" data-id=\"dc13754\" data-element_type=\"container\" data-e-type=\"container\">\n\t\t\t\t\t<div class=\"e-con-inner\">\n\t\t\t\t<div class=\"elementor-element elementor-element-d0b058b elementor-widget-divider--view-line elementor-widget elementor-widget-divider\" data-id=\"d0b058b\" data-element_type=\"widget\" data-e-type=\"widget\" data-widget_type=\"divider.default\">\n\t\t\t\t\t\t\t<div class=\"elementor-divider\">\n\t\t\t<span class=\"elementor-divider-separator\">\n\t\t\t\t\t\t<\/span>\n\t\t<\/div>\n\t\t\t\t\t\t<\/div>\n\t\t\t\t\t<\/div>\n\t\t\t\t<\/div>\n\t\t\t\t<section class=\"elementor-section elementor-top-section elementor-element elementor-element-1c87f66 elementor-section-full_width elementor-reverse-mobile elementor-section-height-default elementor-section-height-default\" data-id=\"1c87f66\" data-element_type=\"section\" data-e-type=\"section\" data-settings=\"{&quot;background_background&quot;:&quot;classic&quot;}\">\n\t\t\t\t\t\t<div class=\"elementor-container elementor-column-gap-default\">\n\t\t\t\t\t<div class=\"elementor-column elementor-col-50 elementor-top-column elementor-element elementor-element-65fed20 boxed-left\" data-id=\"65fed20\" data-element_type=\"column\" data-e-type=\"column\">\n\t\t\t<div class=\"elementor-widget-wrap elementor-element-populated\">\n\t\t\t\t\t\t<div class=\"elementor-element elementor-element-01f874a elementor-widget elementor-widget-heading\" data-id=\"01f874a\" data-element_type=\"widget\" data-e-type=\"widget\" data-widget_type=\"heading.default\">\n\t\t\t\t\t<h2 class=\"elementor-heading-title elementor-size-large\"><strong>Rosenh\u00f8j EN-Suite mit Blick auf den Garten<\/strong><\/h2>\t\t\t\t<\/div>\n\t\t\t\t<section class=\"elementor-section elementor-inner-section elementor-element elementor-element-ba37358 elementor-section-boxed elementor-section-height-default elementor-section-height-default\" data-id=\"ba37358\" data-element_type=\"section\" data-e-type=\"section\">\n\t\t\t\t\t\t<div class=\"elementor-container elementor-column-gap-default\">\n\t\t\t\t\t<div class=\"elementor-column elementor-col-50 elementor-inner-column elementor-element elementor-element-1819d18\" data-id=\"1819d18\" data-element_type=\"column\" data-e-type=\"column\">\n\t\t\t<div class=\"elementor-widget-wrap elementor-element-populated\">\n\t\t\t\t\t\t<div class=\"elementor-element elementor-element-1401491 elementor-widget elementor-widget-text-editor\" data-id=\"1401491\" data-element_type=\"widget\" data-e-type=\"widget\" data-widget_type=\"text-editor.default\">\n\t\t\t\t\t\t\t\t\t<ul>\n<li>Neu renoviert<\/li>\n<li>Schnelles WLAN<\/li>\n<li>Kingsize-Bett<\/li>\n<li>Zus\u00e4tzliches Tagesbett in der Schlafzimmerecke<\/li>\n<li>Privates Wohnzimmer mit Kamin<\/li>\n<li>&nbsp;<span style=\"color: var( --e-global-color-text ); font-family: var( --e-global-typography-accent-font-family ), Sans-serif; font-size: var( --e-global-typography-accent-font-size ); font-weight: var( --e-global-typography-accent-font-weight ); text-transform: var( --e-global-typography-accent-text-transform );\">Fernseher mit Premiumkan\u00e4len<\/span><\/li>\n<li>Privates Badezimmer<\/li>\n<li>Kaffee- und Teestation<\/li>\n<li>Schlafpl\u00e4tze 2, max. 4<\/li>\n<li>Hausgemachtes Fr\u00fchst\u00fcck<\/li>\n<\/ul>\t\t\t\t\t\t\t\t<\/div>\n\t\t\t\t\t<\/div>\n\t\t<\/div>\n\t\t\t\t<div class=\"elementor-column elementor-col-50 elementor-inner-column elementor-element elementor-element-16bd6bc\" data-id=\"16bd6bc\" data-element_type=\"column\" data-e-type=\"column\">\n\t\t\t<div class=\"elementor-widget-wrap elementor-element-populated\">\n\t\t\t\t\t\t<div class=\"elementor-element elementor-element-330b2fc elementor-widget__width-initial elementor-widget elementor-widget-image\" data-id=\"330b2fc\" data-element_type=\"widget\" data-e-type=\"widget\" data-widget_type=\"image.default\">\n\t\t\t\t\t\t\t\t\t\t\t\t\t\t\t\t<a href=\"https:\/\/i0.wp.com\/rosenhojbnb.dk\/wp-content\/uploads\/2023\/04\/339239608_778452113900053_6432438381823958785_n.png?quality=40&#038;ssl=1\" data-elementor-open-lightbox=\"yes\" data-elementor-lightbox-title=\"339239608_778452113900053_6432438381823958785_n\" data-e-action-hash=\"#elementor-action%3Aaction%3Dlightbox%26settings%3DeyJpZCI6MTQ0MywidXJsIjoiaHR0cHM6XC9cL3Jvc2VuaG9qYm5iLmRrXC93cC1jb250ZW50XC91cGxvYWRzXC8yMDIzXC8wNFwvMzM5MjM5NjA4Xzc3ODQ1MjExMzkwMDA1M182NDMyNDM4MzgxODIzOTU4Nzg1X24ucG5nIn0%3D\">\n\t\t\t\t\t\t\t<img fetchpriority=\"high\" decoding=\"async\" width=\"300\" height=\"235\" src=\"https:\/\/i0.wp.com\/rosenhojbnb.dk\/wp-content\/uploads\/2023\/04\/339239608_778452113900053_6432438381823958785_n.png?fit=300%2C235&amp;quality=40&amp;ssl=1\" class=\"attachment-medium size-medium wp-image-1443\" alt=\"Zimmerplan mit Gartenblick\" srcset=\"https:\/\/i0.wp.com\/rosenhojbnb.dk\/wp-content\/uploads\/2023\/04\/339239608_778452113900053_6432438381823958785_n.png?w=1280&amp;quality=40&amp;ssl=1 1280w, https:\/\/i0.wp.com\/rosenhojbnb.dk\/wp-content\/uploads\/2023\/04\/339239608_778452113900053_6432438381823958785_n.png?resize=300%2C235&amp;quality=40&amp;ssl=1 300w, https:\/\/i0.wp.com\/rosenhojbnb.dk\/wp-content\/uploads\/2023\/04\/339239608_778452113900053_6432438381823958785_n.png?resize=1024%2C802&amp;quality=40&amp;ssl=1 1024w, https:\/\/i0.wp.com\/rosenhojbnb.dk\/wp-content\/uploads\/2023\/04\/339239608_778452113900053_6432438381823958785_n.png?resize=768%2C601&amp;quality=40&amp;ssl=1 768w, https:\/\/i0.wp.com\/rosenhojbnb.dk\/wp-content\/uploads\/2023\/04\/339239608_778452113900053_6432438381823958785_n.png?resize=15%2C12&amp;quality=40&amp;ssl=1 15w\" sizes=\"(max-width: 300px) 100vw, 300px\" \/>\t\t\t\t\t\t\t\t<\/a>\n\t\t\t\t\t\t\t\t\t\t\t\t\t\t\t<\/div>\n\t\t\t\t\t<\/div>\n\t\t<\/div>\n\t\t\t\t\t<\/div>\n\t\t<\/section>\n\t\t\t\t\t<\/div>\n\t\t<\/div>\n\t\t\t\t<div class=\"elementor-column elementor-col-50 elementor-top-column elementor-element elementor-element-b6a9351\" data-id=\"b6a9351\" data-element_type=\"column\" data-e-type=\"column\">\n\t\t\t<div class=\"elementor-widget-wrap elementor-element-populated\">\n\t\t\t\t\t\t<div class=\"elementor-element elementor-element-539f6c5 elementor--h-position-center elementor--v-position-middle elementor-arrows-position-inside elementor-pagination-position-inside elementor-widget elementor-widget-slides\" data-id=\"539f6c5\" data-element_type=\"widget\" data-e-type=\"widget\" data-settings=\"{&quot;navigation&quot;:&quot;both&quot;,&quot;autoplay&quot;:&quot;yes&quot;,&quot;pause_on_hover&quot;:&quot;yes&quot;,&quot;pause_on_interaction&quot;:&quot;yes&quot;,&quot;autoplay_speed&quot;:5000,&quot;infinite&quot;:&quot;yes&quot;,&quot;transition&quot;:&quot;slide&quot;,&quot;transition_speed&quot;:500}\" data-widget_type=\"slides.default\">\n\t\t\t\t\t\t\t\t\t\t<div class=\"elementor-slides-wrapper elementor-main-swiper swiper\" role=\"region\" aria-roledescription=\"carousel\" aria-label=\"Folien\" dir=\"ltr\" data-animation=\"fadeInUp\">\n\t\t\t\t<div class=\"swiper-wrapper elementor-slides\">\n\t\t\t\t\t\t\t\t\t\t<div class=\"elementor-repeater-item-593a9c3 swiper-slide\" role=\"group\" aria-roledescription=\"slide\"><div class=\"swiper-slide-bg elementor-ken-burns elementor-ken-burns--in\" role=\"img\" aria-label=\"Gartenaussicht\"><\/div><div class=\"elementor-background-overlay\"><\/div><div class=\"swiper-slide-inner\" ><div class=\"swiper-slide-contents\"><div class=\"elementor-slide-heading\">1900 DKK<\/div><div class=\"elementor-slide-description\">PRO NACHT<\/div><a href=\"https:\/\/rosenhojbnb.dk\/de\/zimmer-mit-gartenblick\/\" class=\"elementor-button elementor-slide-button elementor-size-md\">ZIMMER ANSEHEN<\/a><\/div><\/div><\/div>\t\t\t\t<\/div>\n\t\t\t\t\t\t\t<\/div>\n\t\t\t\t\t\t\t\t<\/div>\n\t\t\t\t\t<\/div>\n\t\t<\/div>\n\t\t\t\t\t<\/div>\n\t\t<\/section>\n\t\t\t\t<section class=\"elementor-section elementor-top-section elementor-element elementor-element-cd6239e elementor-section-full_width elementor-reverse-mobile elementor-section-height-default elementor-section-height-default\" data-id=\"cd6239e\" data-element_type=\"section\" data-e-type=\"section\" data-settings=\"{&quot;background_background&quot;:&quot;classic&quot;}\">\n\t\t\t\t\t\t<div class=\"elementor-container elementor-column-gap-default\">\n\t\t\t\t\t<div class=\"elementor-column elementor-col-50 elementor-top-column elementor-element elementor-element-b495fe2 boxed-left\" data-id=\"b495fe2\" data-element_type=\"column\" data-e-type=\"column\">\n\t\t\t<div class=\"elementor-widget-wrap elementor-element-populated\">\n\t\t\t\t\t\t<div class=\"elementor-element elementor-element-bcc01f6 elementor-widget elementor-widget-heading\" data-id=\"bcc01f6\" data-element_type=\"widget\" data-e-type=\"widget\" data-widget_type=\"heading.default\">\n\t\t\t\t\t<h2 class=\"elementor-heading-title elementor-size-large\"><strong>Rosenh\u00f8j EN-Suite mit Meerblick<\/strong><\/h2>\t\t\t\t<\/div>\n\t\t\t\t<section class=\"elementor-section elementor-inner-section elementor-element elementor-element-4b5f226 elementor-section-boxed elementor-section-height-default elementor-section-height-default\" data-id=\"4b5f226\" data-element_type=\"section\" data-e-type=\"section\">\n\t\t\t\t\t\t<div class=\"elementor-container elementor-column-gap-default\">\n\t\t\t\t\t<div class=\"elementor-column elementor-col-100 elementor-inner-column elementor-element elementor-element-731bbb1\" data-id=\"731bbb1\" data-element_type=\"column\" data-e-type=\"column\">\n\t\t\t<div class=\"elementor-widget-wrap elementor-element-populated\">\n\t\t\t\t\t\t<div class=\"elementor-element elementor-element-c3e6b92 elementor-widget elementor-widget-text-editor\" data-id=\"c3e6b92\" data-element_type=\"widget\" data-e-type=\"widget\" data-widget_type=\"text-editor.default\">\n\t\t\t\t\t\t\t\t\t<ul><li>Neu renoviert<\/li><li>Schnelles WLAN<\/li><li>Kingsize-Bett mit Meerblick<\/li><li>Zus\u00e4tzliches Tagesbett in der Schlafzimmerecke<\/li><li>Privates Wohnzimmer<\/li><li>Privater Balkon mit Meerblick<\/li><li>\u00a0<span style=\"color: var( --e-global-color-text ); font-family: var( --e-global-typography-accent-font-family ), Sans-serif; font-size: var( --e-global-typography-accent-font-size ); font-weight: var( --e-global-typography-accent-font-weight ); text-transform: var( --e-global-typography-accent-text-transform );\">Fernseher mit Premiumkan\u00e4len<\/span><\/li><li>Privates Badezimmer<\/li><li>Kaffee- und Teestation<\/li><li>Schlafpl\u00e4tze 2, max. 4<\/li><li>Hausgemachtes Fr\u00fchst\u00fcck<\/li><\/ul>\t\t\t\t\t\t\t\t<\/div>\n\t\t\t\t\t<\/div>\n\t\t<\/div>\n\t\t\t\t\t<\/div>\n\t\t<\/section>\n\t\t\t\t\t<\/div>\n\t\t<\/div>\n\t\t\t\t<div class=\"elementor-column elementor-col-50 elementor-top-column elementor-element elementor-element-574ed3e\" data-id=\"574ed3e\" data-element_type=\"column\" data-e-type=\"column\">\n\t\t\t<div class=\"elementor-widget-wrap elementor-element-populated\">\n\t\t\t\t\t\t<div class=\"elementor-element elementor-element-636d2e4 elementor--h-position-center elementor--v-position-middle elementor-arrows-position-inside elementor-pagination-position-inside elementor-widget elementor-widget-slides\" data-id=\"636d2e4\" data-element_type=\"widget\" data-e-type=\"widget\" data-settings=\"{&quot;navigation&quot;:&quot;both&quot;,&quot;autoplay&quot;:&quot;yes&quot;,&quot;pause_on_hover&quot;:&quot;yes&quot;,&quot;pause_on_interaction&quot;:&quot;yes&quot;,&quot;autoplay_speed&quot;:5000,&quot;infinite&quot;:&quot;yes&quot;,&quot;transition&quot;:&quot;slide&quot;,&quot;transition_speed&quot;:500}\" data-widget_type=\"slides.default\">\n\t\t\t\t\t\t\t\t\t\t<div class=\"elementor-slides-wrapper elementor-main-swiper swiper\" role=\"region\" aria-roledescription=\"carousel\" aria-label=\"Folien\" dir=\"ltr\" data-animation=\"fadeInUp\">\n\t\t\t\t<div class=\"swiper-wrapper elementor-slides\">\n\t\t\t\t\t\t\t\t\t\t<div class=\"elementor-repeater-item-593a9c3 swiper-slide\" role=\"group\" aria-roledescription=\"slide\"><div class=\"swiper-slide-bg elementor-ken-burns elementor-ken-burns--in\" role=\"img\" aria-label=\"Bett mit Meerblick\"><\/div><div class=\"elementor-background-overlay\"><\/div><div class=\"swiper-slide-inner\" ><div class=\"swiper-slide-contents\"><div class=\"elementor-slide-heading\">1900 DKK<\/div><div class=\"elementor-slide-description\">PRO NACHT<\/div><a href=\"https:\/\/rosenhojbnb.dk\/de\/zimmer-mit-meerblick\/\" class=\"elementor-button elementor-slide-button elementor-size-md\">ZIMMER ANSEHEN<\/a><\/div><\/div><\/div>\t\t\t\t<\/div>\n\t\t\t\t\t\t\t<\/div>\n\t\t\t\t\t\t\t\t<\/div>\n\t\t\t\t\t<\/div>\n\t\t<\/div>\n\t\t\t\t\t<\/div>\n\t\t<\/section>\n\t\t\t\t<section class=\"elementor-section elementor-top-section elementor-element elementor-element-a9c49b9 elementor-section-boxed elementor-section-height-default elementor-section-height-default\" data-id=\"a9c49b9\" data-element_type=\"section\" data-e-type=\"section\">\n\t\t\t\t\t\t<div class=\"elementor-container elementor-column-gap-default\">\n\t\t\t\t\t<div class=\"elementor-column elementor-col-50 elementor-top-column elementor-element elementor-element-e6bbddc\" data-id=\"e6bbddc\" data-element_type=\"column\" data-e-type=\"column\">\n\t\t\t<div class=\"elementor-widget-wrap elementor-element-populated\">\n\t\t\t\t\t\t<div class=\"elementor-element elementor-element-1b0db50 elementor-button-info elementor-align-center elementor-tablet-align-justify elementor-mobile-align-justify elementor-widget elementor-widget-button\" data-id=\"1b0db50\" data-element_type=\"widget\" data-e-type=\"widget\" data-widget_type=\"button.default\">\n\t\t\t\t\t\t\t\t\t\t<a class=\"elementor-button elementor-button-link elementor-size-md\" href=\"https:\/\/rosenhojbnb.dk\/de\/speisekarte\/\">\n\t\t\t\t\t\t<span class=\"elementor-button-content-wrapper\">\n\t\t\t\t\t\t\t\t\t<span class=\"elementor-button-text\">FR\u00dcHST\u00dcCKSMEN\u00dc<\/span>\n\t\t\t\t\t<\/span>\n\t\t\t\t\t<\/a>\n\t\t\t\t\t\t\t\t<\/div>\n\t\t\t\t\t<\/div>\n\t\t<\/div>\n\t\t\t\t<div class=\"elementor-column elementor-col-50 elementor-top-column elementor-element elementor-element-8c65426\" data-id=\"8c65426\" data-element_type=\"column\" data-e-type=\"column\">\n\t\t\t<div class=\"elementor-widget-wrap elementor-element-populated\">\n\t\t\t\t\t\t<div class=\"elementor-element elementor-element-c2ab450 elementor-button-info elementor-align-center elementor-tablet-align-justify elementor-mobile-align-justify elementor-widget elementor-widget-button\" data-id=\"c2ab450\" data-element_type=\"widget\" data-e-type=\"widget\" data-widget_type=\"button.default\">\n\t\t\t\t\t\t\t\t\t\t<a class=\"elementor-button elementor-button-link elementor-size-md\" href=\"https:\/\/rosenhojbnb.dk\/de\/uber-uns\/\">\n\t\t\t\t\t\t<span class=\"elementor-button-content-wrapper\">\n\t\t\t\t\t\t\t\t\t<span class=\"elementor-button-text\">LESEN SIE MEHR \u00dcBER ROSENH\u00d8J<\/span>\n\t\t\t\t\t<\/span>\n\t\t\t\t\t<\/a>\n\t\t\t\t\t\t\t\t<\/div>\n\t\t\t\t\t<\/div>\n\t\t<\/div>\n\t\t\t\t\t<\/div>\n\t\t<\/section>\n\t\t<div class=\"elementor-element elementor-element-d20ff54 e-flex e-con-boxed e-con e-parent\" data-id=\"d20ff54\" data-element_type=\"container\" data-e-type=\"container\">\n\t\t\t\t\t<div class=\"e-con-inner\">\n\t\t\t\t\t<\/div>\n\t\t\t\t<\/div>\n\t\t\t\t<\/div>","protected":false},"excerpt":{"rendered":"<p>Accommodation in Svendborg Rosenh\u00f8j EN-Suite Garden View Newly refurbished Fast WiFi King Size bed Extra daybed in the corner of the bedroom Private living room with fireplace &nbsp;Television with premium channels Private bathroom Coffee and tea making station Sleeps 2, max 4 Homemade breakfast 1900 DKKPER NIGHTVIEW ROOM Rosenh\u00f8j EN-Suite Sea view Newly refurbished Fast [&hellip;]<\/p>","protected":false},"author":1,"featured_media":0,"parent":0,"menu_order":0,"comment_status":"closed","ping_status":"closed","template":"elementor_header_footer","meta":{"footnotes":""},"class_list":["post-13","page","type-page","status-publish","hentry"],"yoast_head":"<!-- This site is optimized with the Yoast SEO plugin v27.2 - https:\/\/yoast.com\/product\/yoast-seo-wordpress\/ -->\n<title>Accommodation in Svendborg | Unique accommodation experience<\/title>\n<meta name=\"description\" content=\"Choose accommodation in Svendborg at Rosenh\u00f8j Bed and Breakfast and experience a piece of paradise. Enjoy Svendborg and our amazing food.\" \/>\n<meta name=\"robots\" content=\"index, follow, max-snippet:-1, max-image-preview:large, max-video-preview:-1\" \/>\n<link rel=\"canonical\" href=\"https:\/\/rosenhojbnb.dk\/de\/raume\/\" \/>\n<meta property=\"og:locale\" content=\"de_DE\" \/>\n<meta property=\"og:type\" content=\"article\" \/>\n<meta property=\"og:title\" content=\"Accommodation in Svendborg | Unique accommodation experience\" \/>\n<meta property=\"og:description\" content=\"Choose accommodation in Svendborg at Rosenh\u00f8j Bed and Breakfast and experience a piece of paradise. Enjoy Svendborg and our amazing food.\" \/>\n<meta property=\"og:url\" content=\"https:\/\/rosenhojbnb.dk\/de\/raume\/\" \/>\n<meta property=\"og:site_name\" content=\"Rosenh\u00f8j\" \/>\n<meta property=\"article:publisher\" content=\"https:\/\/facebook.com\/rosenhojbnb\" \/>\n<meta property=\"article:modified_time\" content=\"2026-03-12T08:31:13+00:00\" \/>\n<meta property=\"og:image\" content=\"https:\/\/rosenhojbnb.dk\/wp-content\/uploads\/2023\/04\/339239608_778452113900053_6432438381823958785_n-300x235.png\" \/>\n<meta name=\"twitter:card\" content=\"summary_large_image\" \/>\n<meta name=\"twitter:label1\" content=\"Gesch\u00e4tzte Lesezeit\" \/>\n\t<meta name=\"twitter:data1\" content=\"1\u00a0Minute\" \/>\n<script type=\"application\/ld+json\" class=\"yoast-schema-graph\">{\"@context\":\"https:\/\/schema.org\",\"@graph\":[{\"@type\":\"WebPage\",\"@id\":\"https:\/\/rosenhojbnb.dk\/accommodation\/\",\"url\":\"https:\/\/rosenhojbnb.dk\/accommodation\/\",\"name\":\"Accommodation in Svendborg | Unique accommodation experience\",\"isPartOf\":{\"@id\":\"https:\/\/rosenhojbnb.dk\/#website\"},\"primaryImageOfPage\":{\"@id\":\"https:\/\/rosenhojbnb.dk\/accommodation\/#primaryimage\"},\"image\":{\"@id\":\"https:\/\/rosenhojbnb.dk\/accommodation\/#primaryimage\"},\"thumbnailUrl\":\"https:\/\/rosenhojbnb.dk\/wp-content\/uploads\/2023\/04\/339239608_778452113900053_6432438381823958785_n-300x235.png\",\"datePublished\":\"2021-06-13T01:44:03+00:00\",\"dateModified\":\"2026-03-12T08:31:13+00:00\",\"description\":\"Choose accommodation in Svendborg at Rosenh\u00f8j Bed and Breakfast and experience a piece of paradise. Enjoy Svendborg and our amazing food.\",\"breadcrumb\":{\"@id\":\"https:\/\/rosenhojbnb.dk\/accommodation\/#breadcrumb\"},\"inLanguage\":\"de\",\"potentialAction\":[{\"@type\":\"ReadAction\",\"target\":[\"https:\/\/rosenhojbnb.dk\/accommodation\/\"]}]},{\"@type\":\"ImageObject\",\"inLanguage\":\"de\",\"@id\":\"https:\/\/rosenhojbnb.dk\/accommodation\/#primaryimage\",\"url\":\"https:\/\/rosenhojbnb.dk\/wp-content\/uploads\/2023\/04\/339239608_778452113900053_6432438381823958785_n-300x235.png\",\"contentUrl\":\"https:\/\/rosenhojbnb.dk\/wp-content\/uploads\/2023\/04\/339239608_778452113900053_6432438381823958785_n-300x235.png\"},{\"@type\":\"BreadcrumbList\",\"@id\":\"https:\/\/rosenhojbnb.dk\/accommodation\/#breadcrumb\",\"itemListElement\":[{\"@type\":\"ListItem\",\"position\":1,\"name\":\"Home\",\"item\":\"https:\/\/rosenhojbnb.dk\/\"},{\"@type\":\"ListItem\",\"position\":2,\"name\":\"Accommodation\"}]},{\"@type\":\"WebSite\",\"@id\":\"https:\/\/rosenhojbnb.dk\/#website\",\"url\":\"https:\/\/rosenhojbnb.dk\/\",\"name\":\"Rosenh\u00f8j\",\"description\":\"Rooms, Food, Events\",\"publisher\":{\"@id\":\"https:\/\/rosenhojbnb.dk\/#organization\"},\"alternateName\":\"Rosenh\u00f8j B&B\",\"potentialAction\":[{\"@type\":\"SearchAction\",\"target\":{\"@type\":\"EntryPoint\",\"urlTemplate\":\"https:\/\/rosenhojbnb.dk\/?s={search_term_string}\"},\"query-input\":{\"@type\":\"PropertyValueSpecification\",\"valueRequired\":true,\"valueName\":\"search_term_string\"}}],\"inLanguage\":\"de\"},{\"@type\":\"Organization\",\"@id\":\"https:\/\/rosenhojbnb.dk\/#organization\",\"name\":\"Rosenh\u00f8j Bed & Breakfast\",\"alternateName\":\"Rosenh\u00f8j B&B\",\"url\":\"https:\/\/rosenhojbnb.dk\/\",\"logo\":{\"@type\":\"ImageObject\",\"inLanguage\":\"de\",\"@id\":\"https:\/\/rosenhojbnb.dk\/#\/schema\/logo\/image\/\",\"url\":\"https:\/\/rosenhojbnb.dk\/wp-content\/uploads\/2022\/06\/cropped-FINAL-logo-1.png\",\"contentUrl\":\"https:\/\/rosenhojbnb.dk\/wp-content\/uploads\/2022\/06\/cropped-FINAL-logo-1.png\",\"width\":3181,\"height\":844,\"caption\":\"Rosenh\u00f8j Bed & Breakfast\"},\"image\":{\"@id\":\"https:\/\/rosenhojbnb.dk\/#\/schema\/logo\/image\/\"},\"sameAs\":[\"https:\/\/facebook.com\/rosenhojbnb\",\"https:\/\/instagram.com\/rosenhoj\"]}]}<\/script>\n<!-- \/ Yoast SEO plugin. -->","yoast_head_json":{"title":"Accommodation in Svendborg | Unique accommodation experience","description":"Choose accommodation in Svendborg at Rosenh\u00f8j Bed and Breakfast and experience a piece of paradise. Enjoy Svendborg and our amazing food.","robots":{"index":"index","follow":"follow","max-snippet":"max-snippet:-1","max-image-preview":"max-image-preview:large","max-video-preview":"max-video-preview:-1"},"canonical":"https:\/\/rosenhojbnb.dk\/de\/raume\/","og_locale":"de_DE","og_type":"article","og_title":"Accommodation in Svendborg | Unique accommodation experience","og_description":"Choose accommodation in Svendborg at Rosenh\u00f8j Bed and Breakfast and experience a piece of paradise. Enjoy Svendborg and our amazing food.","og_url":"https:\/\/rosenhojbnb.dk\/de\/raume\/","og_site_name":"Rosenh\u00f8j","article_publisher":"https:\/\/facebook.com\/rosenhojbnb","article_modified_time":"2026-03-12T08:31:13+00:00","og_image":[{"url":"https:\/\/rosenhojbnb.dk\/wp-content\/uploads\/2023\/04\/339239608_778452113900053_6432438381823958785_n-300x235.png","type":"","width":"","height":""}],"twitter_card":"summary_large_image","twitter_misc":{"Gesch\u00e4tzte Lesezeit":"1\u00a0Minute"},"schema":{"@context":"https:\/\/schema.org","@graph":[{"@type":"WebPage","@id":"https:\/\/rosenhojbnb.dk\/accommodation\/","url":"https:\/\/rosenhojbnb.dk\/accommodation\/","name":"Accommodation in Svendborg | Unique accommodation experience","isPartOf":{"@id":"https:\/\/rosenhojbnb.dk\/#website"},"primaryImageOfPage":{"@id":"https:\/\/rosenhojbnb.dk\/accommodation\/#primaryimage"},"image":{"@id":"https:\/\/rosenhojbnb.dk\/accommodation\/#primaryimage"},"thumbnailUrl":"https:\/\/rosenhojbnb.dk\/wp-content\/uploads\/2023\/04\/339239608_778452113900053_6432438381823958785_n-300x235.png","datePublished":"2021-06-13T01:44:03+00:00","dateModified":"2026-03-12T08:31:13+00:00","description":"Choose accommodation in Svendborg at Rosenh\u00f8j Bed and Breakfast and experience a piece of paradise. Enjoy Svendborg and our amazing food.","breadcrumb":{"@id":"https:\/\/rosenhojbnb.dk\/accommodation\/#breadcrumb"},"inLanguage":"de","potentialAction":[{"@type":"ReadAction","target":["https:\/\/rosenhojbnb.dk\/accommodation\/"]}]},{"@type":"ImageObject","inLanguage":"de","@id":"https:\/\/rosenhojbnb.dk\/accommodation\/#primaryimage","url":"https:\/\/rosenhojbnb.dk\/wp-content\/uploads\/2023\/04\/339239608_778452113900053_6432438381823958785_n-300x235.png","contentUrl":"https:\/\/rosenhojbnb.dk\/wp-content\/uploads\/2023\/04\/339239608_778452113900053_6432438381823958785_n-300x235.png"},{"@type":"BreadcrumbList","@id":"https:\/\/rosenhojbnb.dk\/accommodation\/#breadcrumb","itemListElement":[{"@type":"ListItem","position":1,"name":"Home","item":"https:\/\/rosenhojbnb.dk\/"},{"@type":"ListItem","position":2,"name":"Accommodation"}]},{"@type":"WebSite","@id":"https:\/\/rosenhojbnb.dk\/#website","url":"https:\/\/rosenhojbnb.dk\/","name":"Rosenh\u00f8j","description":"Rooms, Food, Events","publisher":{"@id":"https:\/\/rosenhojbnb.dk\/#organization"},"alternateName":"Rosenh\u00f8j B&B","potentialAction":[{"@type":"SearchAction","target":{"@type":"EntryPoint","urlTemplate":"https:\/\/rosenhojbnb.dk\/?s={search_term_string}"},"query-input":{"@type":"PropertyValueSpecification","valueRequired":true,"valueName":"search_term_string"}}],"inLanguage":"de"},{"@type":"Organization","@id":"https:\/\/rosenhojbnb.dk\/#organization","name":"Rosenh\u00f8j Bed & Breakfast","alternateName":"Rosenh\u00f8j B&B","url":"https:\/\/rosenhojbnb.dk\/","logo":{"@type":"ImageObject","inLanguage":"de","@id":"https:\/\/rosenhojbnb.dk\/#\/schema\/logo\/image\/","url":"https:\/\/rosenhojbnb.dk\/wp-content\/uploads\/2022\/06\/cropped-FINAL-logo-1.png","contentUrl":"https:\/\/rosenhojbnb.dk\/wp-content\/uploads\/2022\/06\/cropped-FINAL-logo-1.png","width":3181,"height":844,"caption":"Rosenh\u00f8j Bed & Breakfast"},"image":{"@id":"https:\/\/rosenhojbnb.dk\/#\/schema\/logo\/image\/"},"sameAs":["https:\/\/facebook.com\/rosenhojbnb","https:\/\/instagram.com\/rosenhoj"]}]}},"jetpack_sharing_enabled":true,"_links":{"self":[{"href":"https:\/\/rosenhojbnb.dk\/de\/wp-json\/wp\/v2\/pages\/13","targetHints":{"allow":["GET"]}}],"collection":[{"href":"https:\/\/rosenhojbnb.dk\/de\/wp-json\/wp\/v2\/pages"}],"about":[{"href":"https:\/\/rosenhojbnb.dk\/de\/wp-json\/wp\/v2\/types\/page"}],"author":[{"embeddable":true,"href":"https:\/\/rosenhojbnb.dk\/de\/wp-json\/wp\/v2\/users\/1"}],"replies":[{"embeddable":true,"href":"https:\/\/rosenhojbnb.dk\/de\/wp-json\/wp\/v2\/comments?post=13"}],"version-history":[{"count":409,"href":"https:\/\/rosenhojbnb.dk\/de\/wp-json\/wp\/v2\/pages\/13\/revisions"}],"predecessor-version":[{"id":3564,"href":"https:\/\/rosenhojbnb.dk\/de\/wp-json\/wp\/v2\/pages\/13\/revisions\/3564"}],"wp:attachment":[{"href":"https:\/\/rosenhojbnb.dk\/de\/wp-json\/wp\/v2\/media?parent=13"}],"curies":[{"name":"wp","href":"https:\/\/api.w.org\/{rel}","templated":true}]}}