{"id":3162,"date":"2024-05-08T00:07:30","date_gmt":"2024-05-07T22:07:30","guid":{"rendered":"https:\/\/rosenhojbnb.dk\/?page_id=3162"},"modified":"2024-05-08T02:05:23","modified_gmt":"2024-05-08T00:05:23","slug":"policy","status":"publish","type":"page","link":"https:\/\/rosenhojbnb.dk\/de\/politik\/","title":{"rendered":"Politik"},"content":{"rendered":"<div data-elementor-type=\"wp-page\" data-elementor-id=\"3162\" class=\"elementor elementor-3162\" data-elementor-post-type=\"page\">\n\t\t\t\t<div class=\"elementor-element elementor-element-0d0c247 e-flex e-con-boxed e-con e-parent\" data-id=\"0d0c247\" data-element_type=\"container\" data-e-type=\"container\">\n\t\t\t\t\t<div class=\"e-con-inner\">\n\t\t\t\t<div class=\"elementor-element elementor-element-1747c10 elementor-widget elementor-widget-text-editor\" data-id=\"1747c10\" data-element_type=\"widget\" data-e-type=\"widget\" data-widget_type=\"text-editor.default\">\n\t\t\t\t\t\t\t\t\t<h4>Richtlinien f\u00fcr Rosenh\u00f8j Bed and Breakfast<\/h4>\n<h6>Willkommen in unserem gem\u00fctlichen Bed &amp; Breakfast! Um sicherzustellen, dass alle G\u00e4ste einen angenehmen und erholsamen Aufenthalt haben, haben wir unten unsere Richtlinien aufgef\u00fchrt. Bitte nehmen Sie sich einen Moment Zeit, um sie durchzulesen. Wenn Sie Fragen oder Bedenken haben, k\u00f6nnen Sie uns jederzeit kontaktieren.<\/h6>\t\t\t\t\t\t\t\t<\/div>\n\t\t\t\t\t<\/div>\n\t\t\t\t<\/div>\n\t\t<div class=\"elementor-element elementor-element-d6ff9b7 e-flex e-con-boxed e-con e-parent\" data-id=\"d6ff9b7\" data-element_type=\"container\" data-e-type=\"container\">\n\t\t\t\t\t<div class=\"e-con-inner\">\n\t\t<div class=\"elementor-element elementor-element-035701e e-con-full e-flex e-con e-child\" data-id=\"035701e\" data-element_type=\"container\" data-e-type=\"container\">\n\t\t\t\t<div class=\"elementor-element elementor-element-5a04cf1 elementor-widget elementor-widget-text-editor\" data-id=\"5a04cf1\" data-element_type=\"widget\" data-e-type=\"widget\" data-widget_type=\"text-editor.default\">\n\t\t\t\t\t\t\t\t\t<h6><strong>Buchung und Reservierung:<\/strong><\/h6><ol><li><h6><strong>Reservierungsbest\u00e4tigung:<\/strong> Zur Sicherung Ihrer Reservierung ist eine g\u00fcltige Kredit- oder Debitkarte erforderlich. Ihre Karte wird erst bei Ihrer Ankunft belastet, au\u00dfer bei Nichterscheinen oder versp\u00e4teter Stornierung.<\/h6><\/li><li><h6><strong>Mindestaufenthalt:<\/strong> An bestimmten Terminen kann ein Mindestaufenthalt erforderlich sein. Weitere Einzelheiten erfahren Sie bei uns.<\/h6><\/li><li><h6><strong>Einchecken Auschecken:<\/strong> Der Check-in ist von 15:00 bis 22:00 Uhr m\u00f6glich. Der Check-out muss bis 11:00 Uhr erfolgen. Ein fr\u00fcherer Check-in oder sp\u00e4ter Check-out ist auf Anfrage und je nach Verf\u00fcgbarkeit m\u00f6glich.<\/h6><\/li><li><h6><strong>Stornierungsbedingungen:<\/strong> Bei Stornierungen, die mehr als [Zahl einf\u00fcgen] Tage vor der Ankunft erfolgen, wird der volle Betrag erstattet. Bei Stornierungen innerhalb von [Zahl einf\u00fcgen] Tagen vor der Ankunft wird [Prozentsatz einf\u00fcgen] des Gesamtbetrags der Reservierung berechnet.<\/h6><\/li><\/ol><div><span style=\"font-size: 16px;\">\u00a0<\/span><\/div><div><h6><strong>Ausstattung und Dienstleistungen:<\/strong><\/h6><ol><li><h6><strong>Fr\u00fchst\u00fcck:<\/strong> Ein k\u00f6stliches hausgemachtes Fr\u00fchst\u00fcck ist in Ihrem Aufenthalt inbegriffen und wird ab [Zeitraum einf\u00fcgen] serviert.<\/h6><\/li><li><h6><strong>W-lan:<\/strong> Kostenloses WLAN ist im gesamten Geb\u00e4ude verf\u00fcgbar.<\/h6><\/li><li><h6><strong>Parken:<\/strong> Kostenlose Parkpl\u00e4tze stehen den G\u00e4sten vor Ort zur Verf\u00fcgung.<\/h6><\/li><li><h6><strong>Concierge-Service:<\/strong> Unser Personal steht Ihnen gerne mit Restaurantempfehlungen, Informationen zu lokalen Sehensw\u00fcrdigkeiten und allen anderen W\u00fcnschen zur Seite.<\/h6><\/li><\/ol><\/div>\t\t\t\t\t\t\t\t<\/div>\n\t\t\t\t<\/div>\n\t\t<div class=\"elementor-element elementor-element-e147bd7 e-con-full e-flex e-con e-child\" data-id=\"e147bd7\" data-element_type=\"container\" data-e-type=\"container\">\n\t\t\t\t<div class=\"elementor-element elementor-element-482c15b elementor-widget elementor-widget-text-editor\" data-id=\"482c15b\" data-element_type=\"widget\" data-e-type=\"widget\" data-widget_type=\"text-editor.default\">\n\t\t\t\t\t\t\t\t\t<h6><span style=\"font-weight: bolder; font-size: 1rem; text-transform: var( --e-global-typography-text-text-transform ); text-align: var(--text-align); background-color: var( --e-global-color-secondary );\">HAUSREGELN:<\/span><\/h6>\n<div>\n<ol style=\"font-size: 40px; background-color: #f3efea;\">\n<li style=\"font-size: 40px;\">\n<h6><span style=\"font-weight: bolder;\">RAUCHEN:<\/span>&nbsp;Das Rauchen ist im Bed &amp; Breakfast strengstens verboten. Im Au\u00dfenbereich stehen ausgewiesene Raucherbereiche zur Verf\u00fcgung.<\/h6>\n<\/li>\n<li style=\"font-size: 40px;\">\n<h6><span style=\"font-weight: bolder;\">HAUSTIERE:<\/span>&nbsp;LEIDER SIND HAUSTIERE AUF DEM GRUNDST\u00dcCK NICHT ERLAUBEN, MIT AUSNAHME VON SERVICETIEREN.<\/h6>\n<\/li>\n<li style=\"font-size: 40px;\">\n<h6><span style=\"font-weight: bolder;\">STILLE STUNDEN:<\/span>&nbsp;BITTE RESPEKTIEREN SIE DIE RUHEZEIT VON 22:00 BIS 8:00 UHR, UM EINE RUHIGE UMGEBUNG F\u00dcR ALLE G\u00c4STE ZU GEW\u00c4HRLEISTEN.<\/h6>\n<\/li>\n<li style=\"font-size: 40px;\">\n<h6><span style=\"font-weight: bolder;\">BESUCHERRICHTLINIEN:<\/span>&nbsp;AUS KOMFORT UND SICHERHEITSGR\u00dcNDEN F\u00dcR ALLE G\u00c4STE IST DER AUFENTHALT IN DEN G\u00c4STEZIMMER OHNE VORHERIGE GENEHMIGUNG DURCH DAS MANAGEMENT NICHT ERLAUBT.<\/h6>\n<\/li>\n<\/ol>\n<div><span style=\"font-size: 16px; font-weight: bold; color: var( --e-global-color-text ); font-family: var( --e-global-typography-text-font-family ), Sans-serif; text-transform: var( --e-global-typography-text-text-transform ); text-align: var(--text-align); background-color: var( --e-global-color-secondary );\">ZAHLUNG UND GEB\u00dcHREN:<\/span><span style=\"font-size: 16px;\"><br><\/span><\/div>\n<\/div>\n<ol>\n<li>\n<h6><strong>Preise:<\/strong> Die Preise basieren auf Doppelbelegung und k\u00f6nnen ohne Vorank\u00fcndigung ge\u00e4ndert werden. F\u00fcr zus\u00e4tzliche G\u00e4ste k\u00f6nnen zus\u00e4tzliche Geb\u00fchren anfallen.<\/h6>\n<\/li>\n<li>\n<h6><strong>Steuern:<\/strong> Alle Zimmerpreise unterliegen [lokalen Steuersatz einf\u00fcgen] staatlichen und lokalen Steuern.<\/h6>\n<\/li>\n<li>\n<h6><strong>Schadensgeb\u00fchren:<\/strong> G\u00e4ste haften f\u00fcr alle Sch\u00e4den, die w\u00e4hrend ihres Aufenthalts an der Unterkunft entstehen. Die Kosten f\u00fcr Sch\u00e4den werden entsprechend berechnet und in Rechnung gestellt.<\/h6><\/li>\n<\/ol><div><span style=\"font-size: 16px;\"><br><\/span><\/div><div><h6 style=\"font-family: Raleway, sans-serif; color: rgb(36, 32, 28);\"><span style=\"font-weight: bolder;\">GESUNDHEIT UND SICHERHEIT:<\/span><\/h6><ol style=\"font-size: 40px; background-color: rgb(243, 239, 234);\"><li style=\"font-size: 40px;\"><h6><span style=\"font-weight: bolder;\">COVID-19-PROTOKOLLE:<\/span>&nbsp;Wir sind bestrebt, unseren G\u00e4sten eine sichere und saubere Umgebung zu bieten. Es werden verbesserte Reinigungs- und Hygienema\u00dfnahmen eingesetzt und im gesamten Geb\u00e4ude stehen H\u00e4ndedesinfektionsmittel zur Verf\u00fcgung.<\/h6><\/li><li style=\"font-size: 40px;\"><h6><span style=\"font-weight: bolder;\">IMPFPFLICHT:<\/span>&nbsp;ZUR SICHERHEIT UNSERER G\u00c4STE UND MITARBEITER KANN F\u00dcR ALLE G\u00c4STE EIN NACHWEIS EINER COVID-19-IMPFUNG ERFORDERLICH SEIN. BITTE FRAGEN SIE UNS NACH WEITEREN INFORMATIONEN.<\/h6><\/li><\/ol><h6 style=\"font-family: Raleway, sans-serif; color: rgb(36, 32, 28);\">INDEM SIE BEI UNS EINE RESERVIERUNG VORNEHMEN, ERKL\u00c4REN SIE SICH MIT DIESEN RICHTLINIEN EINVERSTANDEN. WIR SCH\u00c4TZEN IHRE ZUSAMMENARBEIT UND FREUEN UNS, SIE IN UNSEREM BED AND BREAKFAST WILLKOMMEN ZU BEGR\u00dcSSEN!<\/h6><\/div>\t\t\t\t\t\t\t\t<\/div>\n\t\t\t\t<\/div>\n\t\t\t\t\t<\/div>\n\t\t\t\t<\/div>\n\t\t\t\t<\/div>","protected":false},"excerpt":{"rendered":"<p>Richtlinien f\u00fcr Rosenh\u00f8j Bed &amp; Breakfast Willkommen in unserem gem\u00fctlichen Bed &amp; Breakfast! Um sicherzustellen, dass alle G\u00e4ste einen angenehmen und erfreulichen Aufenthalt haben, haben wir unten unsere Richtlinien aufgef\u00fchrt. Bitte nehmen Sie sich einen Moment Zeit, um sie durchzulesen. Wenn Sie Fragen oder Bedenken haben, k\u00f6nnen Sie uns jederzeit kontaktieren. Buchung und Reservierungen: [\u2026]<\/p>","protected":false},"author":3,"featured_media":0,"parent":0,"menu_order":0,"comment_status":"closed","ping_status":"closed","template":"","meta":{"footnotes":""},"class_list":["post-3162","page","type-page","status-publish","hentry"],"yoast_head":"<!-- This site is optimized with the Yoast SEO plugin v27.4 - https:\/\/yoast.com\/product\/yoast-seo-wordpress\/ -->\n<title>Policy | Rosenh\u00f8j<\/title>\n<meta name=\"description\" content=\"Policy for Rosenh\u00f8j Bed and Breakfast.\" \/>\n<meta name=\"robots\" content=\"index, follow, max-snippet:-1, max-image-preview:large, max-video-preview:-1\" \/>\n<link rel=\"canonical\" href=\"https:\/\/rosenhojbnb.dk\/de\/politik\/\" \/>\n<meta property=\"og:locale\" content=\"de_DE\" \/>\n<meta property=\"og:type\" content=\"article\" \/>\n<meta property=\"og:title\" content=\"Policy | Rosenh\u00f8j\" \/>\n<meta property=\"og:description\" content=\"Policy for Rosenh\u00f8j Bed and Breakfast.\" \/>\n<meta property=\"og:url\" content=\"https:\/\/rosenhojbnb.dk\/de\/politik\/\" \/>\n<meta property=\"og:site_name\" content=\"Rosenh\u00f8j\" \/>\n<meta property=\"article:publisher\" content=\"https:\/\/facebook.com\/rosenhojbnb\" \/>\n<meta property=\"article:modified_time\" content=\"2024-05-08T00:05:23+00:00\" \/>\n<meta property=\"og:image\" content=\"https:\/\/i0.wp.com\/rosenhojbnb.dk\/wp-content\/uploads\/2022\/06\/rosenhojbnb_default_open-graph.jpg?fit=1200%2C630&quality=40&ssl=1\" \/>\n\t<meta property=\"og:image:width\" content=\"1200\" \/>\n\t<meta property=\"og:image:height\" content=\"630\" \/>\n\t<meta property=\"og:image:type\" content=\"image\/jpeg\" \/>\n<meta name=\"twitter:card\" content=\"summary_large_image\" \/>\n<meta name=\"twitter:label1\" content=\"Gesch\u00e4tzte Lesezeit\" \/>\n\t<meta name=\"twitter:data1\" content=\"2\u00a0Minuten\" \/>\n<script type=\"application\/ld+json\" class=\"yoast-schema-graph\">{\"@context\":\"https:\\\/\\\/schema.org\",\"@graph\":[{\"@type\":\"WebPage\",\"@id\":\"https:\\\/\\\/rosenhojbnb.dk\\\/policy\\\/\",\"url\":\"https:\\\/\\\/rosenhojbnb.dk\\\/policy\\\/\",\"name\":\"Policy | Rosenh\u00f8j\",\"isPartOf\":{\"@id\":\"https:\\\/\\\/rosenhojbnb.dk\\\/#website\"},\"datePublished\":\"2024-05-07T22:07:30+00:00\",\"dateModified\":\"2024-05-08T00:05:23+00:00\",\"description\":\"Policy for Rosenh\u00f8j Bed and Breakfast.\",\"breadcrumb\":{\"@id\":\"https:\\\/\\\/rosenhojbnb.dk\\\/policy\\\/#breadcrumb\"},\"inLanguage\":\"de\",\"potentialAction\":[{\"@type\":\"ReadAction\",\"target\":[\"https:\\\/\\\/rosenhojbnb.dk\\\/policy\\\/\"]}]},{\"@type\":\"BreadcrumbList\",\"@id\":\"https:\\\/\\\/rosenhojbnb.dk\\\/policy\\\/#breadcrumb\",\"itemListElement\":[{\"@type\":\"ListItem\",\"position\":1,\"name\":\"Home\",\"item\":\"https:\\\/\\\/rosenhojbnb.dk\\\/\"},{\"@type\":\"ListItem\",\"position\":2,\"name\":\"Policy\"}]},{\"@type\":\"WebSite\",\"@id\":\"https:\\\/\\\/rosenhojbnb.dk\\\/#website\",\"url\":\"https:\\\/\\\/rosenhojbnb.dk\\\/\",\"name\":\"Rosenh\u00f8j\",\"description\":\"Rooms, Food, Events\",\"publisher\":{\"@id\":\"https:\\\/\\\/rosenhojbnb.dk\\\/#organization\"},\"alternateName\":\"Rosenh\u00f8j B&B\",\"potentialAction\":[{\"@type\":\"SearchAction\",\"target\":{\"@type\":\"EntryPoint\",\"urlTemplate\":\"https:\\\/\\\/rosenhojbnb.dk\\\/?s={search_term_string}\"},\"query-input\":{\"@type\":\"PropertyValueSpecification\",\"valueRequired\":true,\"valueName\":\"search_term_string\"}}],\"inLanguage\":\"de\"},{\"@type\":\"Organization\",\"@id\":\"https:\\\/\\\/rosenhojbnb.dk\\\/#organization\",\"name\":\"Rosenh\u00f8j Bed & Breakfast\",\"alternateName\":\"Rosenh\u00f8j B&B\",\"url\":\"https:\\\/\\\/rosenhojbnb.dk\\\/\",\"logo\":{\"@type\":\"ImageObject\",\"inLanguage\":\"de\",\"@id\":\"https:\\\/\\\/rosenhojbnb.dk\\\/#\\\/schema\\\/logo\\\/image\\\/\",\"url\":\"https:\\\/\\\/rosenhojbnb.dk\\\/wp-content\\\/uploads\\\/2022\\\/06\\\/cropped-FINAL-logo-1.png\",\"contentUrl\":\"https:\\\/\\\/rosenhojbnb.dk\\\/wp-content\\\/uploads\\\/2022\\\/06\\\/cropped-FINAL-logo-1.png\",\"width\":3181,\"height\":844,\"caption\":\"Rosenh\u00f8j Bed & Breakfast\"},\"image\":{\"@id\":\"https:\\\/\\\/rosenhojbnb.dk\\\/#\\\/schema\\\/logo\\\/image\\\/\"},\"sameAs\":[\"https:\\\/\\\/facebook.com\\\/rosenhojbnb\",\"https:\\\/\\\/instagram.com\\\/rosenhoj\"]}]}<\/script>\n<!-- \/ Yoast SEO plugin. -->","yoast_head_json":{"title":"Policy | Rosenh\u00f8j","description":"Policy for Rosenh\u00f8j Bed and Breakfast.","robots":{"index":"index","follow":"follow","max-snippet":"max-snippet:-1","max-image-preview":"max-image-preview:large","max-video-preview":"max-video-preview:-1"},"canonical":"https:\/\/rosenhojbnb.dk\/de\/politik\/","og_locale":"de_DE","og_type":"article","og_title":"Policy | Rosenh\u00f8j","og_description":"Policy for Rosenh\u00f8j Bed and Breakfast.","og_url":"https:\/\/rosenhojbnb.dk\/de\/politik\/","og_site_name":"Rosenh\u00f8j","article_publisher":"https:\/\/facebook.com\/rosenhojbnb","article_modified_time":"2024-05-08T00:05:23+00:00","og_image":[{"width":1200,"height":630,"url":"https:\/\/i0.wp.com\/rosenhojbnb.dk\/wp-content\/uploads\/2022\/06\/rosenhojbnb_default_open-graph.jpg?fit=1200%2C630&quality=40&ssl=1","type":"image\/jpeg"}],"twitter_card":"summary_large_image","twitter_misc":{"Gesch\u00e4tzte Lesezeit":"2\u00a0Minuten"},"schema":{"@context":"https:\/\/schema.org","@graph":[{"@type":"WebPage","@id":"https:\/\/rosenhojbnb.dk\/policy\/","url":"https:\/\/rosenhojbnb.dk\/policy\/","name":"Policy | Rosenh\u00f8j","isPartOf":{"@id":"https:\/\/rosenhojbnb.dk\/#website"},"datePublished":"2024-05-07T22:07:30+00:00","dateModified":"2024-05-08T00:05:23+00:00","description":"Policy for Rosenh\u00f8j Bed and Breakfast.","breadcrumb":{"@id":"https:\/\/rosenhojbnb.dk\/policy\/#breadcrumb"},"inLanguage":"de","potentialAction":[{"@type":"ReadAction","target":["https:\/\/rosenhojbnb.dk\/policy\/"]}]},{"@type":"BreadcrumbList","@id":"https:\/\/rosenhojbnb.dk\/policy\/#breadcrumb","itemListElement":[{"@type":"ListItem","position":1,"name":"Home","item":"https:\/\/rosenhojbnb.dk\/"},{"@type":"ListItem","position":2,"name":"Policy"}]},{"@type":"WebSite","@id":"https:\/\/rosenhojbnb.dk\/#website","url":"https:\/\/rosenhojbnb.dk\/","name":"Rosenh\u00f8j","description":"Rooms, Food, Events","publisher":{"@id":"https:\/\/rosenhojbnb.dk\/#organization"},"alternateName":"Rosenh\u00f8j B&B","potentialAction":[{"@type":"SearchAction","target":{"@type":"EntryPoint","urlTemplate":"https:\/\/rosenhojbnb.dk\/?s={search_term_string}"},"query-input":{"@type":"PropertyValueSpecification","valueRequired":true,"valueName":"search_term_string"}}],"inLanguage":"de"},{"@type":"Organization","@id":"https:\/\/rosenhojbnb.dk\/#organization","name":"Rosenh\u00f8j Bed & Breakfast","alternateName":"Rosenh\u00f8j B&B","url":"https:\/\/rosenhojbnb.dk\/","logo":{"@type":"ImageObject","inLanguage":"de","@id":"https:\/\/rosenhojbnb.dk\/#\/schema\/logo\/image\/","url":"https:\/\/rosenhojbnb.dk\/wp-content\/uploads\/2022\/06\/cropped-FINAL-logo-1.png","contentUrl":"https:\/\/rosenhojbnb.dk\/wp-content\/uploads\/2022\/06\/cropped-FINAL-logo-1.png","width":3181,"height":844,"caption":"Rosenh\u00f8j Bed & Breakfast"},"image":{"@id":"https:\/\/rosenhojbnb.dk\/#\/schema\/logo\/image\/"},"sameAs":["https:\/\/facebook.com\/rosenhojbnb","https:\/\/instagram.com\/rosenhoj"]}]}},"jetpack_sharing_enabled":true,"_links":{"self":[{"href":"https:\/\/rosenhojbnb.dk\/de\/wp-json\/wp\/v2\/pages\/3162","targetHints":{"allow":["GET"]}}],"collection":[{"href":"https:\/\/rosenhojbnb.dk\/de\/wp-json\/wp\/v2\/pages"}],"about":[{"href":"https:\/\/rosenhojbnb.dk\/de\/wp-json\/wp\/v2\/types\/page"}],"author":[{"embeddable":true,"href":"https:\/\/rosenhojbnb.dk\/de\/wp-json\/wp\/v2\/users\/3"}],"replies":[{"embeddable":true,"href":"https:\/\/rosenhojbnb.dk\/de\/wp-json\/wp\/v2\/comments?post=3162"}],"version-history":[{"count":16,"href":"https:\/\/rosenhojbnb.dk\/de\/wp-json\/wp\/v2\/pages\/3162\/revisions"}],"predecessor-version":[{"id":3179,"href":"https:\/\/rosenhojbnb.dk\/de\/wp-json\/wp\/v2\/pages\/3162\/revisions\/3179"}],"wp:attachment":[{"href":"https:\/\/rosenhojbnb.dk\/de\/wp-json\/wp\/v2\/media?parent=3162"}],"curies":[{"name":"wp","href":"https:\/\/api.w.org\/{rel}","templated":true}]}}